{"id":1945,"date":"2020-02-26T15:15:13","date_gmt":"2020-02-26T14:15:13","guid":{"rendered":"http:\/\/www.fumee-perfume.at\/?page_id=1945"},"modified":"2021-12-14T10:27:42","modified_gmt":"2021-12-14T09:27:42","slug":"ueber-uns","status":"publish","type":"page","link":"https:\/\/www.fumee-perfume.at\/index.php\/ueber-uns","title":{"rendered":"\u00dcber uns"},"content":{"rendered":"<p>[vc_row full_width=&#8220;stretch_row&#8220; full_height=&#8220;yes&#8220; row_overlay_bg=&#8220;rgba(0,0,0,0.33)&#8220; css=&#8220;.vc_custom_1583852331708{padding-top: 300px !important;padding-bottom: 200px !important;background-image: url(http:\/\/www.fumee-perfume.at\/wp-content\/uploads\/2020\/02\/silder2.jpg?id=1492) !important;background-position: center !important;background-repeat: no-repeat !important;background-size: cover !important;}&#8220; el_class=&#8220;mobileweg&#8220;][vc_column offset=&#8220;vc_hidden-xs&#8220;]<div class=\"vckit-anim   wpb_animate_when_almost_visible vckit-anim vckit-anim-fadeInDown \" style=\"-webkit-animation-delay: 0.9s; animation-delay: 0.9s\">\n[vc_custom_heading text=&#8220;PARADIES&#8220; font_container=&#8220;tag:h2|font_size:90|text_align:center|color:%23f4f4f4&#8243; use_theme_fonts=&#8220;yes&#8220; css=&#8220;.vc_custom_1582727266029{margin-bottom: -20px !important;}&#8220;]<\/div>\n<div class=\"vckit-anim   wpb_animate_when_almost_visible vckit-anim vckit-anim-fadeIn vc_custom_1582727072463\" style=\"-webkit-animation-delay: 1.5s; animation-delay: 1.5s\">\n[vc_custom_heading text=&#8220;f\u00fcr den anspruchsvollen&#8220; font_container=&#8220;tag:h3|font_size:20|text_align:center|color:%23ffffff&#8220; use_theme_fonts=&#8220;yes&#8220; css=&#8220;.vc_custom_1582727645151{margin-bottom: -16px !important;padding-top: 20px !important;}&#8220;]<\/div>\n<div class=\"vckit-anim   wpb_animate_when_almost_visible vckit-anim vckit-anim-fadeInUp \" style=\"-webkit-animation-delay: 2s; animation-delay: 2s\">\n[vc_custom_heading text=&#8220;DUFTLIEBHABER&#8220; font_container=&#8220;tag:h2|font_size:90|text_align:center|color:%23f4f4f4|line_height:145px&#8220; use_theme_fonts=&#8220;yes&#8220;]<\/div>\n[\/vc_column][\/vc_row][vc_row full_width=&#8220;stretch_row&#8220; row_overlay_bg=&#8220;rgba(0,0,0,0.33)&#8220; css=&#8220;.vc_custom_1583852437410{padding-top: 150px !important;padding-bottom: 150px !important;background-image: url(http:\/\/www.fumee-perfume.at\/wp-content\/uploads\/2020\/02\/silder2.jpg?id=1492) !important;background-position: center !important;background-repeat: no-repeat !important;background-size: cover !important;}&#8220; el_class=&#8220;desktopweg&#8220;][vc_column offset=&#8220;vc_hidden-lg vc_hidden-md vc_hidden-sm&#8220;][vc_custom_heading text=&#8220;PARADIES&#8220; font_container=&#8220;tag:h2|font_size:40|text_align:center|color:%23f4f4f4&#8243; use_theme_fonts=&#8220;yes&#8220; css_animation=&#8220;fadeInDown&#8220;][vc_custom_heading text=&#8220;f\u00fcr den anspruchsvollen&#8220; font_container=&#8220;tag:h3|font_size:16|text_align:center|color:%23ffffff&#8220; use_theme_fonts=&#8220;yes&#8220; css_animation=&#8220;fadeIn&#8220; css=&#8220;.vc_custom_1583850387274{margin-top: 20px !important;margin-bottom: 20px !important;}&#8220;][vc_custom_heading text=&#8220;DUFTLIEBHABER&#8220; font_container=&#8220;tag:h2|font_size:40|text_align:center|color:%23f4f4f4&#8243; use_theme_fonts=&#8220;yes&#8220; css_animation=&#8220;fadeInUp&#8220;][\/vc_column][\/vc_row][vc_row css=&#8220;.vc_custom_1582727826312{padding-bottom: 50px !important;}&#8220;][vc_column css=&#8220;.vc_custom_1491561434226{padding-top: 50px !important;}&#8220;][vc_custom_heading text=&#8220;Wir erz\u00e4hlen keine M\u00e4rchen!&#8220; font_container=&#8220;tag:h2|font_size:50|text_align:center|line_height:60px&#8220; use_theme_fonts=&#8220;yes&#8220; css_animation=&#8220;fadeInDown&#8220;][vc_empty_space][vc_column_text css_animation=&#8220;fadeInUp&#8220;]<\/p>\n<p style=\"text-align: center;\">Die F\u00fam\u00e9e Perfume &amp; Cosmetics GmbH ver\u00e4ndert seit der Unternehmensgr\u00fcndung die gesamte Kosmetikbranche.<\/p>\n<p style=\"text-align: center;\">Unser Geheimnis liegt im aktiven F\u00fam\u00e9e-Vertrieb, der jederzeit bereit ist, die W\u00fcnsche der Kunden zu erf\u00fcllen. F\u00fcr Jeden besteht die M\u00f6glichkeit, die \u201eWelt der F\u00fam\u00e9e-D\u00fcfte\u201c zu erobern und die Vorteile zu nutzen &#8211; sei es als Kunde oder als erfolgreicher Berater.<\/p>\n<p>[\/vc_column_text][vc_empty_space el_class=&#8220;desktopspace&#8220;][\/vc_column][\/vc_row][vc_row full_width=&#8220;stretch_row&#8220; css=&#8220;.vc_custom_1491815859924{padding-bottom: 80px !important;}&#8220;][vc_column width=&#8220;1\/2&#8243;]\n<div class=\"vckit-icon-box elegant-icon-box eib-icon-effect-1 eib-icon-effect-1a eib-layout-icon-on-side eib-align-left eib-top-align-center eib-icon-circle eib-size-small eib-type-icon eib-hover-global   wpb_animate_when_almost_visible vckit-anim vckit-anim-fadeInDown vckit_custom_class_85e665b218b212 \" >\n  <div class=\"eib-wrapper\">\n          <div class=\"eib-icon\">\n        <div class=\"eib-fonts-icon\"><span class=\"eib-before-icon\"><\/span><i class=\"fa fa-star-o\"><\/i><span class=\"eib-after-icon\"><\/span><\/div>      <\/div>\n                <h3 >Parfumzentrum Europa<\/h3>\n          \n    <div class=\"eib-clearfix\"><\/div>\n    <div class=\"eib-description\"><p>Dies l\u00e4sst sich am Beispiel der D\u00fcfte veranschaulichen. Wir beziehen diese aus den ber\u00fchmten Parfumzentren Europas. In Frankreich und Deutschland erwerben wir die Produkte der feinsten \u201eNasen\u201c der Duftszene. Sorgf\u00e4ltig werden diese gelagert und einer strengen Endkontrolle unterzogen, damit alle F\u00fam\u00e9e-Produkte der EG\u2013Kosmetikverordnung entsprechen.<\/p>\n<\/div>\n\n      <\/div>\n    <\/div>\n<style type=\"text\/css\" data-type=\"vckit-shortcode-css\" data-shortcode=\"vckit_icon_box\">.elegant-icon-box.vckit_custom_class_85e665b218b212 .eib-icon, .elegant-icon-box.vckit_custom_class_85e665b218b212 .eib-icon > a { color: #ffffff; }.elegant-icon-box.vckit_custom_class_85e665b218b212.elegant-icon-box.eib-type-svg .eib-icon svg path { stroke: #ffffff;}.elegant-icon-box.vckit_custom_class_85e665b218b212.eib-layout-highlight .eib-wrapper:hover { box-shadow: 0 2px 17px #ffffff;}.elegant-icon-box.vckit_custom_class_85e665b218b212 .eib-before-icon { background-color: #85754e; }.elegant-icon-box.vckit_custom_class_85e665b218b212 .eib-after-icon { border-color: #85754e}.elegant-icon-box.vckit_custom_class_85e665b218b212.eib-hover-icon .eib-icon:hover, .elegant-icon-box.vckit_custom_class_85e665b218b212.eib-hover-global:hover .eib-icon, .elegant-icon-box.vckit_custom_class_85e665b218b212.eib-hover-icon .eib-icon:hover > a, .elegant-icon-box.vckit_custom_class_85e665b218b212.eib-hover-global:hover .eib-icon > a { color: #85754e; }.elegant-icon-box.vckit_custom_class_85e665b218b212.eib-hover-icon .eib-icon:hover .eib-before-icon, .elegant-icon-box.vckit_custom_class_85e665b218b212.eib-hover-global:hover .eib-before-icon { background-color: #ffffff; }.elegant-icon-box.vckit_custom_class_85e665b218b212.eib-hover-icon .eib-icon:hover .eib-after-icon, .elegant-icon-box.vckit_custom_class_85e665b218b212.eib-hover-global:hover .eib-after-icon { border-color: #ffffff}<\/style>[\/vc_column][vc_column width=&#8220;1\/2&#8243;]\n<div class=\"vckit-icon-box elegant-icon-box eib-icon-effect-1 eib-icon-effect-1a eib-layout-icon-on-side eib-align-left eib-top-align-center eib-icon-circle eib-size-small eib-type-icon eib-hover-global   wpb_animate_when_almost_visible vckit-anim vckit-anim-fadeInUp vckit_custom_class_85e665b2f6eec6 \" >\n  <div class=\"eib-wrapper\">\n          <div class=\"eib-icon\">\n        <div class=\"eib-fonts-icon\"><span class=\"eib-before-icon\"><\/span><i class=\"fa fa-connectdevelop\"><\/i><span class=\"eib-after-icon\"><\/span><\/div>      <\/div>\n                <h3 >Innovatives Vertriebssystem<\/h3>\n          \n    <div class=\"eib-clearfix\"><\/div>\n    <div class=\"eib-description\"><p>Durch unser kundenfreundliches und innovatives Vertriebssystem ist es uns m\u00f6glich, ein hochwertiges Produkt zu einem Preis anzubieten, von dem andere nur tr\u00e4umen k\u00f6nnen. F\u00fcr die F\u00fam\u00e9e\u2013Kunden haben wir den Verpackungs-, Handels- und Werbeaufwand auf das Niedrigste herabgesetzt.<\/p>\n<\/div>\n\n      <\/div>\n    <\/div>\n<style type=\"text\/css\" data-type=\"vckit-shortcode-css\" data-shortcode=\"vckit_icon_box\">.elegant-icon-box.vckit_custom_class_85e665b2f6eec6 .eib-icon, .elegant-icon-box.vckit_custom_class_85e665b2f6eec6 .eib-icon > a { color: #ffffff; }.elegant-icon-box.vckit_custom_class_85e665b2f6eec6.elegant-icon-box.eib-type-svg .eib-icon svg path { stroke: #ffffff;}.elegant-icon-box.vckit_custom_class_85e665b2f6eec6.eib-layout-highlight .eib-wrapper:hover { box-shadow: 0 2px 17px #ffffff;}.elegant-icon-box.vckit_custom_class_85e665b2f6eec6 .eib-before-icon { background-color: #85754e; }.elegant-icon-box.vckit_custom_class_85e665b2f6eec6 .eib-after-icon { border-color: #85754e}.elegant-icon-box.vckit_custom_class_85e665b2f6eec6.eib-hover-icon .eib-icon:hover, .elegant-icon-box.vckit_custom_class_85e665b2f6eec6.eib-hover-global:hover .eib-icon, .elegant-icon-box.vckit_custom_class_85e665b2f6eec6.eib-hover-icon .eib-icon:hover > a, .elegant-icon-box.vckit_custom_class_85e665b2f6eec6.eib-hover-global:hover .eib-icon > a { color: #85754e; }.elegant-icon-box.vckit_custom_class_85e665b2f6eec6.eib-hover-icon .eib-icon:hover .eib-before-icon, .elegant-icon-box.vckit_custom_class_85e665b2f6eec6.eib-hover-global:hover .eib-before-icon { background-color: #ffffff; }.elegant-icon-box.vckit_custom_class_85e665b2f6eec6.eib-hover-icon .eib-icon:hover .eib-after-icon, .elegant-icon-box.vckit_custom_class_85e665b2f6eec6.eib-hover-global:hover .eib-after-icon { border-color: #ffffff}<\/style>[\/vc_column][\/vc_row][vc_row full_width=&#8220;stretch_row&#8220; css=&#8220;.vc_custom_1491815859924{padding-bottom: 80px !important;}&#8220;][vc_column width=&#8220;1\/2&#8243;]\n<div class=\"vckit-icon-box elegant-icon-box eib-icon-effect-1 eib-icon-effect-1a eib-layout-icon-on-side eib-align-left eib-top-align-center eib-icon-circle eib-size-small eib-type-icon eib-hover-global   wpb_animate_when_almost_visible vckit-anim vckit-anim-fadeInUp vckit_custom_class_105e819b4aa74d5 \" >\n  <div class=\"eib-wrapper\">\n          <div class=\"eib-icon\">\n        <div class=\"eib-fonts-icon\"><span class=\"eib-before-icon\"><\/span><i class=\"fa fa-diamond\"><\/i><span class=\"eib-after-icon\"><\/span><\/div>      <\/div>\n                <h3 >Hochwertige Produktpalette<\/h3>\n          \n    <div class=\"eib-clearfix\"><\/div>\n    <div class=\"eib-description\"><p>Die F\u00fam\u00e9e-Einkaufsberechtigten bilden neben der vielf\u00e4ltigen und hochqualitativen Produktpalette den wichtigsten Eckpfeiler des Unternehmens. Sie werden vom ersten Tag an von Fachleuten eingeschult, fortgebildet und bestens betreut.<\/p>\n<\/div>\n\n      <\/div>\n    <\/div>\n<style type=\"text\/css\" data-type=\"vckit-shortcode-css\" data-shortcode=\"vckit_icon_box\">.elegant-icon-box.vckit_custom_class_105e819b4aa74d5 .eib-icon, .elegant-icon-box.vckit_custom_class_105e819b4aa74d5 .eib-icon > a { color: #ffffff; }.elegant-icon-box.vckit_custom_class_105e819b4aa74d5.elegant-icon-box.eib-type-svg .eib-icon svg path { stroke: #ffffff;}.elegant-icon-box.vckit_custom_class_105e819b4aa74d5.eib-layout-highlight .eib-wrapper:hover { box-shadow: 0 2px 17px #ffffff;}.elegant-icon-box.vckit_custom_class_105e819b4aa74d5 .eib-before-icon { background-color: #85754e; }.elegant-icon-box.vckit_custom_class_105e819b4aa74d5 .eib-after-icon { border-color: #85754e}.elegant-icon-box.vckit_custom_class_105e819b4aa74d5.eib-hover-icon .eib-icon:hover, .elegant-icon-box.vckit_custom_class_105e819b4aa74d5.eib-hover-global:hover .eib-icon, .elegant-icon-box.vckit_custom_class_105e819b4aa74d5.eib-hover-icon .eib-icon:hover > a, .elegant-icon-box.vckit_custom_class_105e819b4aa74d5.eib-hover-global:hover .eib-icon > a { color: #85754e; }.elegant-icon-box.vckit_custom_class_105e819b4aa74d5.eib-hover-icon .eib-icon:hover .eib-before-icon, .elegant-icon-box.vckit_custom_class_105e819b4aa74d5.eib-hover-global:hover .eib-before-icon { background-color: #ffffff; }.elegant-icon-box.vckit_custom_class_105e819b4aa74d5.eib-hover-icon .eib-icon:hover .eib-after-icon, .elegant-icon-box.vckit_custom_class_105e819b4aa74d5.eib-hover-global:hover .eib-after-icon { border-color: #ffffff}<\/style>[\/vc_column][vc_column width=&#8220;1\/2&#8243;]\n<div class=\"vckit-icon-box elegant-icon-box eib-icon-effect-1 eib-icon-effect-1a eib-layout-icon-on-side eib-align-left eib-top-align-center eib-icon-circle eib-size-small eib-type-icon eib-hover-global   wpb_animate_when_almost_visible vckit-anim vckit-anim-fadeInDown vckit_custom_class_95e665b3e4fa0d \" >\n  <div class=\"eib-wrapper\">\n          <div class=\"eib-icon\">\n        <div class=\"eib-fonts-icon\"><span class=\"eib-before-icon\"><\/span><i class=\"fa fa-smile-o\"><\/i><span class=\"eib-after-icon\"><\/span><\/div>      <\/div>\n                <h3 >Bestm\u00f6gliche Kundenbetreuung<\/h3>\n          \n    <div class=\"eib-clearfix\"><\/div>\n    <div class=\"eib-description\"><p>Der Teamgeist und die vielen Karrierem\u00f6glichkeiten einschlie\u00dflich vieler Wettbewerbe sind eine gro\u00dfe Motivation und f\u00f6rdern eine bestm\u00f6gliche Kundenbetreuung. Alle F\u00fam\u00e9e-Einkaufsberechtigten leben diese Philosophie gemeinsam. So begeistern Sie t\u00e4glich mehr Kunden und haben au\u00dferdem viel Spa\u00df und Erfolg dabei.<\/p>\n<\/div>\n\n      <\/div>\n    <\/div>\n<style type=\"text\/css\" data-type=\"vckit-shortcode-css\" data-shortcode=\"vckit_icon_box\">.elegant-icon-box.vckit_custom_class_95e665b3e4fa0d .eib-icon, .elegant-icon-box.vckit_custom_class_95e665b3e4fa0d .eib-icon > a { color: #ffffff; }.elegant-icon-box.vckit_custom_class_95e665b3e4fa0d.elegant-icon-box.eib-type-svg .eib-icon svg path { stroke: #ffffff;}.elegant-icon-box.vckit_custom_class_95e665b3e4fa0d.eib-layout-highlight .eib-wrapper:hover { box-shadow: 0 2px 17px #ffffff;}.elegant-icon-box.vckit_custom_class_95e665b3e4fa0d .eib-before-icon { background-color: #85754e; }.elegant-icon-box.vckit_custom_class_95e665b3e4fa0d .eib-after-icon { border-color: #85754e}.elegant-icon-box.vckit_custom_class_95e665b3e4fa0d.eib-hover-icon .eib-icon:hover, .elegant-icon-box.vckit_custom_class_95e665b3e4fa0d.eib-hover-global:hover .eib-icon, .elegant-icon-box.vckit_custom_class_95e665b3e4fa0d.eib-hover-icon .eib-icon:hover > a, .elegant-icon-box.vckit_custom_class_95e665b3e4fa0d.eib-hover-global:hover .eib-icon > a { color: #85754e; }.elegant-icon-box.vckit_custom_class_95e665b3e4fa0d.eib-hover-icon .eib-icon:hover .eib-before-icon, .elegant-icon-box.vckit_custom_class_95e665b3e4fa0d.eib-hover-global:hover .eib-before-icon { background-color: #ffffff; }.elegant-icon-box.vckit_custom_class_95e665b3e4fa0d.eib-hover-icon .eib-icon:hover .eib-after-icon, .elegant-icon-box.vckit_custom_class_95e665b3e4fa0d.eib-hover-global:hover .eib-after-icon { border-color: #ffffff}<\/style>[\/vc_column][\/vc_row][vc_row full_width=&#8220;stretch_row_content_no_spaces&#8220; content_placement=&#8220;middle&#8220; parallax=&#8220;content-moving-fade&#8220; parallax_image=&#8220;1977&#8243; css=&#8220;.vc_custom_1583766346719{padding-top: 150px !important;padding-bottom: 150px !important;}&#8220;][vc_column][\/vc_column][\/vc_row][vc_row full_width=&#8220;stretch_row&#8220; css=&#8220;.vc_custom_1491561862791{padding-top: 100px !important;padding-bottom: 100px !important;}&#8220;][vc_column width=&#8220;1\/4&#8243;]<div class=\"vckit-anim   wpb_animate_when_almost_visible vckit-anim vckit-anim-fadeInDown \" style=\"-webkit-animation-delay: 0.2s; animation-delay: 0.2s\">\n\n<div class=\"vckit-circle-counter-wrapper\">\n  <div\n    id=\"vckit-circle-counter-1254680018\"\n    class=\"vckit-circle-counter\"\n    data-bar-color=\"#85754e\"\n    data-track-color=\"#ffffff\"\n    data-percent=\"95\"\n    data-size=\"170\"\n    data-line-cap=\"round\"\n    data-line-width=\"5\"\n    data-rotate=\"0\"\n    data-animate=\"2000\"\n    data-scale-color=\"false\" data-scale-length=\"\">\n    <div class=\"vckit-circle-counter-value\"\n      style=\"font-size:25px; color:#424242\">0%<\/div>\n  <\/div>\n  <div class=\"vckit-circle-counter-title\" style=\"color: #85754e; font-size: 30px;\">\n    Beeindruckend  <\/div>\n<\/div>\n<\/div>\n[\/vc_column][vc_column width=&#8220;1\/4&#8243;]<div class=\"vckit-anim   wpb_animate_when_almost_visible vckit-anim vckit-anim-fadeInDown \" style=\"-webkit-animation-delay: 0.4s; animation-delay: 0.4s\">\n\n<div class=\"vckit-circle-counter-wrapper\">\n  <div\n    id=\"vckit-circle-counter-757780892\"\n    class=\"vckit-circle-counter\"\n    data-bar-color=\"#85754e\"\n    data-track-color=\"#ffffff\"\n    data-percent=\"93\"\n    data-size=\"170\"\n    data-line-cap=\"round\"\n    data-line-width=\"5\"\n    data-rotate=\"0\"\n    data-animate=\"2000\"\n    data-scale-color=\"false\" data-scale-length=\"\">\n    <div class=\"vckit-circle-counter-value\"\n      style=\"font-size:25px; color:#424242\">0%<\/div>\n  <\/div>\n  <div class=\"vckit-circle-counter-title\" style=\"color: #85754e; font-size: 30px;\">\n    Beliebt  <\/div>\n<\/div>\n<\/div>\n[\/vc_column][vc_column width=&#8220;1\/4&#8243;]<div class=\"vckit-anim   wpb_animate_when_almost_visible vckit-anim vckit-anim-fadeInDown \" style=\"-webkit-animation-delay: 0.6s; animation-delay: 0.6s\">\n\n<div class=\"vckit-circle-counter-wrapper\">\n  <div\n    id=\"vckit-circle-counter-1988108168\"\n    class=\"vckit-circle-counter\"\n    data-bar-color=\"#85754e\"\n    data-track-color=\"#ffffff\"\n    data-percent=\"92\"\n    data-size=\"170\"\n    data-line-cap=\"round\"\n    data-line-width=\"5\"\n    data-rotate=\"0\"\n    data-animate=\"2000\"\n    data-scale-color=\"false\" data-scale-length=\"\">\n    <div class=\"vckit-circle-counter-value\"\n      style=\"font-size:25px; color:#424242\">0%<\/div>\n  <\/div>\n  <div class=\"vckit-circle-counter-title\" style=\"color: #85754e; font-size: 30px;\">\n    Begeistert  <\/div>\n<\/div>\n<\/div>\n[\/vc_column][vc_column width=&#8220;1\/4&#8243;]<div class=\"vckit-anim   wpb_animate_when_almost_visible vckit-anim vckit-anim-fadeInDown \" style=\"-webkit-animation-delay: 0.8s; animation-delay: 0.8s\">\n\n<div class=\"vckit-circle-counter-wrapper\">\n  <div\n    id=\"vckit-circle-counter-1281272877\"\n    class=\"vckit-circle-counter\"\n    data-bar-color=\"#85754e\"\n    data-track-color=\"#ffffff\"\n    data-percent=\"100\"\n    data-size=\"170\"\n    data-line-cap=\"round\"\n    data-line-width=\"5\"\n    data-rotate=\"0\"\n    data-animate=\"2000\"\n    data-scale-color=\"false\" data-scale-length=\"\">\n    <div class=\"vckit-circle-counter-value\"\n      style=\"font-size:25px; color:#424242\">0%<\/div>\n  <\/div>\n  <div class=\"vckit-circle-counter-title\" style=\"color: #85754e; font-size: 30px;\">\n    Bem\u00fcht  <\/div>\n<\/div>\n<\/div>\n[\/vc_column][\/vc_row][vc_row full_width=&#8220;stretch_row_content_no_spaces&#8220; equal_height=&#8220;yes&#8220;][vc_column width=&#8220;1\/3&#8243;]<figure class=\"effect-hover  effect-bubba ratiooriginal  vckit_custom_class_85e7b23e8f1fcd \">\n  <a href=\"http:\/\/www.fumee-perfume.at\/index.php\/cosmetics\" >\n    <img src=\"https:\/\/www.fumee-perfume.at\/wp-content\/uploads\/2020\/02\/silder20.jpg\" alt=\"Duschgel Women &amp; Men\"\/>\n    <figcaption>\n      <div class=\"effect-caption\">\n        <h2>Duschgel <span>Women &amp; Men<\/span><\/h2>\n        <p class=\"description\">\n          &nbsp;        <\/p>\n      <\/div>\n    <\/figcaption>\n  <\/a>\n<\/figure>\n[\/vc_column][vc_column width=&#8220;1\/3&#8243;]<figure class=\"effect-hover  effect-bubba ratiooriginal  vckit_custom_class_105e7b23deb488d \">\n  <a href=\"http:\/\/www.fumee-perfume.at\/index.php\/cosmetics\" >\n    <img src=\"https:\/\/www.fumee-perfume.at\/wp-content\/uploads\/2020\/02\/silder20.jpg\" alt=\"Duschgel Women &amp; Men\"\/>\n    <figcaption>\n      <div class=\"effect-caption\">\n        <h2>Duschgel <span>Women &amp; Men<\/span><\/h2>\n        <p class=\"description\">\n          &nbsp;        <\/p>\n      <\/div>\n    <\/figcaption>\n  <\/a>\n<\/figure>\n[\/vc_column][vc_column width=&#8220;1\/3&#8243;]<figure class=\"effect-hover  effect-bubba ratiooriginal  vckit_custom_class_85e7b23eea1cfe \">\n  <a href=\"http:\/\/www.fumee-perfume.at\/index.php\/cosmetics\" >\n    <img src=\"https:\/\/www.fumee-perfume.at\/wp-content\/uploads\/2020\/02\/silder20.jpg\" alt=\"Duschgel Women &amp; Men\"\/>\n    <figcaption>\n      <div class=\"effect-caption\">\n        <h2>Duschgel <span>Women &amp; Men<\/span><\/h2>\n        <p class=\"description\">\n          &nbsp;        <\/p>\n      <\/div>\n    <\/figcaption>\n  <\/a>\n<\/figure>\n[\/vc_column][\/vc_row][vc_row full_width=&#8220;stretch_row&#8220; equal_height=&#8220;yes&#8220; row_advanced_bgcolor=&#8220;black&#8220; css=&#8220;.vc_custom_1583850586017{padding-top: 100px !important;padding-bottom: 100px !important;}&#8220; row_overlay_bg=&#8220;rgba(0,0,0,0.64)&#8220;][vc_column width=&#8220;1\/4&#8243;]\n<div\n  class=\"vckit-counter\"\n  data-counter-decimals=\"0\"\n  data-counter-duration=\"2.5\"\n  data-counter-from=\"0\"\n  data-counter-to=\"3489\"\n  data-counter-dese=\".\"\n  data-counter-dise=\"\">\n  <div\n    class=\"vckit-counter-icon\"\n    style=\"color: #ffffff\">\n      <\/div>\n  <div\n    class=\"vckit-counter-value\"\n    style=\"color: #ffffff; font-size: 50px\">\n    <span style=\"font-size: 50\"><\/span>\n    <strong class=\"count-number\" data-countup-selector=\"\" id=\"vckit-countup-1648742107\">999<\/strong>\n    <span style=\"font-size: 50\">K+<\/span>\n  <\/div>\n  <div\n    class=\"vckit-counter-caption\"\n    style=\"color: #ffffff; font-size: 15px\">\n    Facebook Likes  <\/div>\n<\/div>\n[\/vc_column][vc_column width=&#8220;1\/4&#8243;]\n<div\n  class=\"vckit-counter\"\n  data-counter-decimals=\"0\"\n  data-counter-duration=\"2.5\"\n  data-counter-from=\"0\"\n  data-counter-to=\"12499\"\n  data-counter-dese=\".\"\n  data-counter-dise=\"\">\n  <div\n    class=\"vckit-counter-icon\"\n    style=\"color: #ffffff\">\n      <\/div>\n  <div\n    class=\"vckit-counter-value\"\n    style=\"color: #ffffff; font-size: 50px\">\n    <span style=\"font-size: 50\"><\/span>\n    <strong class=\"count-number\" data-countup-selector=\"\" id=\"vckit-countup-440124622\">999<\/strong>\n    <span style=\"font-size: 50\"><\/span>\n  <\/div>\n  <div\n    class=\"vckit-counter-caption\"\n    style=\"color: #ffffff; font-size: 15px\">\n    Vertriebspartner  <\/div>\n<\/div>\n[\/vc_column][vc_column width=&#8220;1\/4&#8243;]\n<div\n  class=\"vckit-counter\"\n  data-counter-decimals=\"0\"\n  data-counter-duration=\"2.5\"\n  data-counter-from=\"0\"\n  data-counter-to=\"55\"\n  data-counter-dese=\".\"\n  data-counter-dise=\"\">\n  <div\n    class=\"vckit-counter-icon\"\n    style=\"color: #ffffff\">\n      <\/div>\n  <div\n    class=\"vckit-counter-value\"\n    style=\"color: #ffffff; font-size: 50px\">\n    <span style=\"font-size: 50\"><\/span>\n    <strong class=\"count-number\" data-countup-selector=\"\" id=\"vckit-countup-528395220\">999<\/strong>\n    <span style=\"font-size: 50\"><\/span>\n  <\/div>\n  <div\n    class=\"vckit-counter-caption\"\n    style=\"color: #ffffff; font-size: 15px\">\n    Produkte  <\/div>\n<\/div>\n[\/vc_column][vc_column width=&#8220;1\/4&#8243;]\n<div\n  class=\"vckit-counter\"\n  data-counter-decimals=\"0\"\n  data-counter-duration=\"2.5\"\n  data-counter-from=\"0\"\n  data-counter-to=\"42\"\n  data-counter-dese=\".\"\n  data-counter-dise=\"\">\n  <div\n    class=\"vckit-counter-icon\"\n    style=\"color: #ffffff\">\n      <\/div>\n  <div\n    class=\"vckit-counter-value\"\n    style=\"color: #ffffff; font-size: 50px\">\n    <span style=\"font-size: 50\"><\/span>\n    <strong class=\"count-number\" data-countup-selector=\"\" id=\"vckit-countup-266709953\">999<\/strong>\n    <span style=\"font-size: 50\"><\/span>\n  <\/div>\n  <div\n    class=\"vckit-counter-caption\"\n    style=\"color: #ffffff; font-size: 15px\">\n    L\u00e4nder  <\/div>\n<\/div>\n[\/vc_column][\/vc_row]<\/p>\n","protected":false},"excerpt":{"rendered":"<p>[vc_row full_width=&#8220;stretch_row&#8220; full_height=&#8220;yes&#8220; row_overlay_bg=&#8220;rgba(0,0,0,0.33)&#8220; css=&#8220;.vc_custom_1583852331708{padding-top: 300px !important;padding-bottom: 200px !important;background-image: url(http:\/\/www.fumee-perfume.at\/wp-content\/uploads\/2020\/02\/silder2.jpg?id=1492) !important;background-position: center !important;background-repeat: no-repeat !important;background-size: cover !important;}&#8220; el_class=&#8220;mobileweg&#8220;][vc_column offset=&#8220;vc_hidden-xs&#8220;][\/vc_column][\/vc_row][vc_row full_width=&#8220;stretch_row&#8220; row_overlay_bg=&#8220;rgba(0,0,0,0.33)&#8220; css=&#8220;.vc_custom_1583852437410{padding-top: 150px !important;padding-bottom: 150px !important;background-image: url(http:\/\/www.fumee-perfume.at\/wp-content\/uploads\/2020\/02\/silder2.jpg?id=1492) !important;background-position: center !important;background-repeat: no-repeat !important;background-size: cover !important;}&#8220; el_class=&#8220;desktopweg&#8220;][vc_column offset=&#8220;vc_hidden-lg vc_hidden-md vc_hidden-sm&#8220;][vc_custom_heading text=&#8220;PARADIES&#8220; font_container=&#8220;tag:h2|font_size:40|text_align:center|color:%23f4f4f4&#8243; use_theme_fonts=&#8220;yes&#8220; css_animation=&#8220;fadeInDown&#8220;][vc_custom_heading text=&#8220;f\u00fcr den anspruchsvollen&#8220; font_container=&#8220;tag:h3|font_size:16|text_align:center|color:%23ffffff&#8220; use_theme_fonts=&#8220;yes&#8220; css_animation=&#8220;fadeIn&#8220; css=&#8220;.vc_custom_1583850387274{margin-top: 20px !important;margin-bottom: 20px !important;}&#8220;][vc_custom_heading text=&#8220;DUFTLIEBHABER&#8220; font_container=&#8220;tag:h2|font_size:40|text_align:center|color:%23f4f4f4&#8243; [&hellip;]<\/p>\n","protected":false},"author":1,"featured_media":0,"parent":0,"menu_order":0,"comment_status":"closed","ping_status":"closed","template":"","meta":{"ngg_post_thumbnail":0},"_links":{"self":[{"href":"https:\/\/www.fumee-perfume.at\/index.php\/wp-json\/wp\/v2\/pages\/1945"}],"collection":[{"href":"https:\/\/www.fumee-perfume.at\/index.php\/wp-json\/wp\/v2\/pages"}],"about":[{"href":"https:\/\/www.fumee-perfume.at\/index.php\/wp-json\/wp\/v2\/types\/page"}],"author":[{"embeddable":true,"href":"https:\/\/www.fumee-perfume.at\/index.php\/wp-json\/wp\/v2\/users\/1"}],"replies":[{"embeddable":true,"href":"https:\/\/www.fumee-perfume.at\/index.php\/wp-json\/wp\/v2\/comments?post=1945"}],"version-history":[{"count":75,"href":"https:\/\/www.fumee-perfume.at\/index.php\/wp-json\/wp\/v2\/pages\/1945\/revisions"}],"predecessor-version":[{"id":3280,"href":"https:\/\/www.fumee-perfume.at\/index.php\/wp-json\/wp\/v2\/pages\/1945\/revisions\/3280"}],"wp:attachment":[{"href":"https:\/\/www.fumee-perfume.at\/index.php\/wp-json\/wp\/v2\/media?parent=1945"}],"curies":[{"name":"wp","href":"https:\/\/api.w.org\/{rel}","templated":true}]}}