{"id":2052,"date":"2020-02-28T10:44:34","date_gmt":"2020-02-28T09:44:34","guid":{"rendered":"http:\/\/www.fumee-perfume.at\/?page_id=2052"},"modified":"2020-06-02T18:20:03","modified_gmt":"2020-06-02T16:20:03","slug":"karriere","status":"publish","type":"page","link":"https:\/\/www.fumee-perfume.at\/index.php\/karriere","title":{"rendered":"Karriere"},"content":{"rendered":"<p>[vc_row full_width=&#8220;stretch_row_content_no_spaces&#8220; parallax=&#8220;content-moving&#8220; parallax_image=&#8220;2053&#8243; parallax_speed_bg=&#8220;2&#8243; row_overlay_bg=&#8220;rgba(0,0,0,0.56)&#8220; css=&#8220;.vc_custom_1583852246482{padding-top: 300px !important;padding-bottom: 200px !important;}&#8220; el_class=&#8220;mobileweg&#8220;][vc_column offset=&#8220;vc_hidden-xs&#8220;]<div class=\"vckit-anim   wpb_animate_when_almost_visible vckit-anim vckit-anim-fadeInDown \" style=\"-webkit-animation-delay: 0.3s; animation-delay: 0.3s\">\n[vc_custom_heading text=&#8220;EINEN SCHRITT VORW\u00c4RTS&#8220; font_container=&#8220;tag:h2|font_size:50|text_align:center|color:%23ffffff&#8220; use_theme_fonts=&#8220;yes&#8220;]<\/div>\n<div class=\"vckit-anim   wpb_animate_when_almost_visible vckit-anim vckit-anim-fadeInUp \" style=\"-webkit-animation-delay: 1s; animation-delay: 1s\">\n[vc_custom_heading text=&#8220;Karriere&#8220; font_container=&#8220;tag:h3|font_size:20|text_align:center|color:%23ffffff&#8220; use_theme_fonts=&#8220;yes&#8220;]<\/div>\n[\/vc_column][\/vc_row][vc_row full_width=&#8220;stretch_row_content_no_spaces&#8220; parallax=&#8220;content-moving&#8220; parallax_image=&#8220;2053&#8243; parallax_speed_bg=&#8220;2&#8243; row_overlay_bg=&#8220;rgba(0,0,0,0.56)&#8220; css=&#8220;.vc_custom_1583852241335{padding-top: 300px !important;padding-bottom: 200px !important;}&#8220; el_class=&#8220;desktopweg&#8220;][vc_column offset=&#8220;vc_hidden-lg vc_hidden-md vc_hidden-sm&#8220;][vc_custom_heading text=&#8220;EINEN SCHRITT VORW\u00c4RTS&#8220; font_container=&#8220;tag:h2|font_size:40|text_align:center|color:%23ffffff&#8220; use_theme_fonts=&#8220;yes&#8220; css_animation=&#8220;fadeInDown&#8220; css=&#8220;.vc_custom_1583852162914{margin-top: -60px !important;}&#8220;][vc_custom_heading text=&#8220;Karriere&#8220; font_container=&#8220;tag:h3|font_size:16|text_align:center|color:%23ffffff&#8220; use_theme_fonts=&#8220;yes&#8220; css_animation=&#8220;fadeInUp&#8220;][\/vc_column][\/vc_row][vc_row css=&#8220;.vc_custom_1582884130539{margin-bottom: 32px !important;}&#8220;][vc_column][vc_column_text]<\/p>\n<h3 style=\"text-align: center; font-weight: bold;\">Was k\u00f6nnen Sie von uns erwarten?<\/h3>\n<p>[\/vc_column_text]\n<div id=\"vckit_id_95e415f712a618\" class=\"vckit-workflow  vckit-workflow-animate\">\n  <span class=\"main-line\"><\/span>\n  <div class=\"vckit-workflow-item\">\n  <span class=\"line\"><\/span>\n  <div class=\"vckit-workflow-item-inner \">\n    <div class=\"vckit-workflow-image center\">\n      <img width=\"600\" height=\"375\" src=\"https:\/\/www.fumee-perfume.at\/wp-content\/uploads\/2020\/02\/1.jpg\" class=\"attachment-full size-full\" alt=\"\" loading=\"lazy\" srcset=\"https:\/\/www.fumee-perfume.at\/wp-content\/uploads\/2020\/02\/1.jpg 600w, https:\/\/www.fumee-perfume.at\/wp-content\/uploads\/2020\/02\/1-300x188.jpg 300w\" sizes=\"(max-width: 600px) 100vw, 600px\" \/>    <\/div>\n    <div class=\"vckit-workflow-text\">\n      <span class=\"circle\"><\/span>\n                <h3 class=\"vckit-workflow-title\">Ein eingespieltes Team und Netzwerk<\/h3>\n                                  <div class=\"text\"><p>Bei F\u00fam\u00e9e Perfume &amp; Cosmetics arbeiten wir alle zusammen, unterst\u00fctzen uns gegenseitig und geben Tipps und Hilfen weiter, damit jeder Einzelne ein erfolgreicher Teil des Ganzen sein kann.<\/p>\n<p>Ihre Pers\u00f6nlichkeit z\u00e4hlt &#8211; jeder Einzelne ist uns wichtig!<\/p>\n<\/div>\n            <\/div>\n  <\/div>\n<\/div>\n<div class=\"vckit-workflow-item\">\n  <span class=\"line\"><\/span>\n  <div class=\"vckit-workflow-item-inner reverse\">\n    <div class=\"vckit-workflow-image center\">\n      <img width=\"600\" height=\"375\" src=\"https:\/\/www.fumee-perfume.at\/wp-content\/uploads\/2020\/02\/2.jpg\" class=\"attachment-full size-full\" alt=\"\" loading=\"lazy\" srcset=\"https:\/\/www.fumee-perfume.at\/wp-content\/uploads\/2020\/02\/2.jpg 600w, https:\/\/www.fumee-perfume.at\/wp-content\/uploads\/2020\/02\/2-300x188.jpg 300w\" sizes=\"(max-width: 600px) 100vw, 600px\" \/>    <\/div>\n    <div class=\"vckit-workflow-text\">\n      <span class=\"circle\"><\/span>\n                <h3 class=\"vckit-workflow-title\">Hochwertige und exklusive Produktpalette<\/h3>\n                                  <div class=\"text\"><p>Unsere Parf\u00fcms werden aus edlen nat\u00fcrlichen Parfum\u00f6len und weiteren hochwertigen Stoffen aus Frankreich und Deutschland sorgsam hergestellt und haben einen au\u00dfergew\u00f6hnlich hohen Duftstoffanteil, der sie wertvoller, haltbarer und ergiebiger macht.<\/p>\n<p>F\u00fcr F\u00fam\u00e9e-Kunden ist das Beste gerade gut genug!<\/p>\n<\/div>\n            <\/div>\n  <\/div>\n<\/div>\n<div class=\"vckit-workflow-item\">\n  <span class=\"line\"><\/span>\n  <div class=\"vckit-workflow-item-inner \">\n    <div class=\"vckit-workflow-image center\">\n      <img width=\"600\" height=\"375\" src=\"https:\/\/www.fumee-perfume.at\/wp-content\/uploads\/2020\/02\/4.jpg\" class=\"attachment-full size-full\" alt=\"\" loading=\"lazy\" srcset=\"https:\/\/www.fumee-perfume.at\/wp-content\/uploads\/2020\/02\/4.jpg 600w, https:\/\/www.fumee-perfume.at\/wp-content\/uploads\/2020\/02\/4-300x188.jpg 300w\" sizes=\"(max-width: 600px) 100vw, 600px\" \/>    <\/div>\n    <div class=\"vckit-workflow-text\">\n      <span class=\"circle\"><\/span>\n                <h3 class=\"vckit-workflow-title\">Zuverl\u00e4ssige Unterst\u00fctzung und F\u00fchrung<\/h3>\n                                  <div class=\"text\"><p>Unser \u00fcbersichtliches Member-System, unser Kundenservice, die Marketinghilfen, Homepages, Newsletter, Firmenpr\u00e4sentationen und unser attraktiver Katalog helfen Ihnen auf Ihrem Weg zum erfolgreichen Vertriebspartner. Auch die Unterst\u00fctzung bei jeglichen Fragen ist Ihnen sicher.<\/p>\n<\/div>\n            <\/div>\n  <\/div>\n<\/div>\n<div class=\"vckit-workflow-item\">\n  <span class=\"line\"><\/span>\n  <div class=\"vckit-workflow-item-inner reverse\">\n    <div class=\"vckit-workflow-image center\">\n      <img width=\"1688\" height=\"1125\" src=\"https:\/\/www.fumee-perfume.at\/wp-content\/uploads\/2020\/05\/Fotolia_103211970_M.jpg\" class=\"attachment-full size-full\" alt=\"\" loading=\"lazy\" srcset=\"https:\/\/www.fumee-perfume.at\/wp-content\/uploads\/2020\/05\/Fotolia_103211970_M.jpg 1688w, https:\/\/www.fumee-perfume.at\/wp-content\/uploads\/2020\/05\/Fotolia_103211970_M-300x200.jpg 300w, https:\/\/www.fumee-perfume.at\/wp-content\/uploads\/2020\/05\/Fotolia_103211970_M-1024x682.jpg 1024w, https:\/\/www.fumee-perfume.at\/wp-content\/uploads\/2020\/05\/Fotolia_103211970_M-768x512.jpg 768w, https:\/\/www.fumee-perfume.at\/wp-content\/uploads\/2020\/05\/Fotolia_103211970_M-1536x1024.jpg 1536w\" sizes=\"(max-width: 1688px) 100vw, 1688px\" \/>    <\/div>\n    <div class=\"vckit-workflow-text\">\n      <span class=\"circle\"><\/span>\n                <h3 class=\"vckit-workflow-title\">Ein au\u00dfergew\u00f6hnliches Marketingkonzept<\/h3>\n                                  <div class=\"text\"><p>Unser Marketingplan wurde von Vertriebspartnern f\u00fcr Vertriebspartner entwickelt, denn nur so ist der Erfolg vorprogrammiert. Bei uns k\u00f6nnen Sie Ihre einmal erreichte Bonusstufe ein Leben lang behalten. Das ist wirklich einzigartig!<\/p>\n<\/div>\n            <\/div>\n  <\/div>\n<\/div>\n<div class=\"vckit-workflow-item\">\n  <span class=\"line\"><\/span>\n  <div class=\"vckit-workflow-item-inner \">\n    <div class=\"vckit-workflow-image center\">\n      <img width=\"2560\" height=\"1707\" src=\"https:\/\/www.fumee-perfume.at\/wp-content\/uploads\/2020\/05\/Fotolia_71434070_XL-scaled.jpg\" class=\"attachment-full size-full\" alt=\"\" loading=\"lazy\" srcset=\"https:\/\/www.fumee-perfume.at\/wp-content\/uploads\/2020\/05\/Fotolia_71434070_XL-scaled.jpg 2560w, https:\/\/www.fumee-perfume.at\/wp-content\/uploads\/2020\/05\/Fotolia_71434070_XL-300x200.jpg 300w, https:\/\/www.fumee-perfume.at\/wp-content\/uploads\/2020\/05\/Fotolia_71434070_XL-1024x683.jpg 1024w, https:\/\/www.fumee-perfume.at\/wp-content\/uploads\/2020\/05\/Fotolia_71434070_XL-768x512.jpg 768w, https:\/\/www.fumee-perfume.at\/wp-content\/uploads\/2020\/05\/Fotolia_71434070_XL-1536x1024.jpg 1536w, https:\/\/www.fumee-perfume.at\/wp-content\/uploads\/2020\/05\/Fotolia_71434070_XL-2048x1365.jpg 2048w\" sizes=\"(max-width: 2560px) 100vw, 2560px\" \/>    <\/div>\n    <div class=\"vckit-workflow-text\">\n      <span class=\"circle\"><\/span>\n                <h3 class=\"vckit-workflow-title\">Spezielle Incentives und Motivationsprogramme<\/h3>\n                                  <div class=\"text\"><p>Um die Zufriedenheit und den Erfolg der Vertriebspartner zu gew\u00e4hrleisten, veranstaltet F\u00fam\u00e9e Perfume &amp; Cosmetics in regelm\u00e4\u00dfigen Abst\u00e4nden spannende Wettbewerbe mit tollen Preisen als Belohnung f\u00fcr Ihre Arbeit und Ihren unerm\u00fcdlichen Einsatz.<\/p>\n<\/div>\n            <\/div>\n  <\/div>\n<\/div>\n<\/div>\n<style type=\"text\/css\">\n    #vckit_id_95e415f712a618 .main-line,\n  #vckit_id_95e415f712a618 .vckit-workflow-item .line {\n    background-color: #737371;\n  }\n  \n  #vckit_id_95e415f712a618 .vckit-workflow-item .circle {\n        border-color: #85754e;\n          }\n<\/style>\n[vc_row_inner][vc_column_inner][vc_column_text]<\/p>\n<h3>Ihre Registrierung &#8211; einfach und v\u00f6llig risikolos<\/h3>\n<p>[\/vc_column_text][\/vc_column_inner][\/vc_row_inner][vc_row_inner][vc_column_inner][vc_column_text]Mit einer Einkaufsberechtigung und Ihrer Wahl eines Starter-Sets beginnt Ihr Weg in die Unabh\u00e4ngigkeit.<\/p>\n<p>Zahlreiche Vorteile erhalten alle F\u00fam\u00e9e-Einkaufsberechtigten direkt nach der Registrierung.<br \/>\nDiese sind einfach, vielseitig und vollkommen kostenlos!<\/p>\n<p>&nbsp;<\/p>\n<p>Holen auch Sie sich die Vorteile von F\u00fam\u00e9e und fragen Sie Ihre Duftberaterin oder Ihren Duftberater!<br \/>\nDer Weg Ihrer Tr\u00e4ume startet jetzt und wir m\u00f6chten Sie begleiten.[\/vc_column_text][\/vc_column_inner][\/vc_row_inner][\/vc_column][\/vc_row][vc_row full_width=&#8220;stretch_row_content_no_spaces&#8220; content_placement=&#8220;middle&#8220; parallax=&#8220;content-moving&#8220; parallax_image=&#8220;2072&#8243; css=&#8220;.vc_custom_1582884995706{padding-top: 150px !important;padding-bottom: 150px !important;}&#8220; row_overlay_bg=&#8220;rgba(0,0,0,0.56)&#8220;][vc_column width=&#8220;1\/6&#8243;][\/vc_column][vc_column width=&#8220;2\/3&#8243;][vc_column_text el_class=&#8220;weiss&#8220; css=&#8220;.vc_custom_1582884523619{padding-left: 50px !important;}&#8220;]<\/p>\n<h1 style=\"text-align: center;\">Ihr professioneller Auftritt!<\/h1>\n<p style=\"text-align: center;\">Im Zeitalter neuer innovativer Technologien und Unternehmensstrategien ist es wichtig, im Internet Pr\u00e4senz zu zeigen! Auch hier geht die F\u00fam\u00e9e Perfume &amp; Cosmetics GmbH neue Wege. Wir bieten Ihnen als F\u00fam\u00e9e Perfume &amp; Cosmetics GmbH Gesch\u00e4ftspartnerIn sofort die M\u00f6glichkeit einer exklusiven, mit vielen sensationellen Funktionen ausgestatteten pers\u00f6nlichen Website.<\/p>\n<p style=\"text-align: center;\">Jeder eingeschriebene selbstst\u00e4ndige Gesch\u00e4ftspartner\/Gesch\u00e4ftspartnerin kann eine Sub-Site unserer offiziellen F\u00fam\u00e9e Perfume &amp; Cosmetics GmbH Website mit seinen Kontaktdaten auf sich personalisiert bekommen. So werden alle Anfragen sofort an Sie weitergeleitet und k\u00f6nnen von Ihnen optimal betreut werden. Umsatzlisten-Einsicht, Bestellfunktion f\u00fcr Kunden und internes Berater-Kommunikations-Mail-System sind nur ein Teil von dem, was dieses Portal Ihnen zuk\u00fcnftig bieten wird.<\/p>\n<p style=\"text-align: center;\">Beantragen k\u00f6nnen Sie Ihren pers\u00f6nlichen F\u00fam\u00e9e Perfume &amp; Cosmetics GmbH Auftritt in unserem internen Bereich, dessen Zugangs-PIN Sie mit unserem Schreiben zugesandt bekommen, in dem auch Ihre pers\u00f6nliche Berater-Nummer vermerkt ist.<\/p>\n<p>[\/vc_column_text][\/vc_column][vc_column width=&#8220;1\/6&#8243;][\/vc_column][\/vc_row][vc_row full_width=&#8220;stretch_row_content_no_spaces&#8220; content_placement=&#8220;middle&#8220; parallax=&#8220;content-moving&#8220; parallax_image=&#8220;2010&#8243; css=&#8220;.vc_custom_1585555471171{padding-top: 50px !important;padding-bottom: 50px !important;}&#8220; row_overlay_bg=&#8220;rgba(133,117,78,0.66)&#8220;][vc_column][vc_column_text el_class=&#8220;weiss&#8220; css=&#8220;.vc_custom_1585555508532{margin-bottom: -20px !important;}&#8220;]<\/p>\n<h1 style=\"text-align: center;\">Was Sie bei uns erwartet<\/h1>\n<p>[\/vc_column_text]<style type=\"text\/css\">\n  #vckit-video-player-6a024643e215b .svg-video-player {\n    transition: 0.5s;\n    transform: scale( 1, 1 );\n  }\n\n  #vckit-video-player-6a024643e215b a:hover .svg-video-player {\n    transform: scale( 1.2, 1.2 );\n  }\n\n      #vckit-video-player-6a024643e215b .svg-video-player .svg-video-player-border {\n    stroke: #ffffff;\n  }\n\n  #vckit-video-player-6a024643e215b .svg-video-player .svg-video-player-icon {\n    fill: #ffffff;\n  }\n\n    \n      #vckit-video-player-6a024643e215b a:hover .svg-video-player .svg-video-player-border {\n    stroke: #000000;\n  }\n\n  #vckit-video-player-6a024643e215b a:hover .svg-video-player .svg-video-player-icon {\n    fill: #000000;\n  }\n\n    <\/style>\n\n<div id=\"vckit-video-player-6a024643e215b\"\n  class=\"vckit-video-player  \">\n  <a href=\"https:\/\/www.youtube.com\/watch?v=TyX9JmB_DiQ\">\n          <svg class=\"svg-video-player\" viewBox=\"0 0 82 82\" version=\"1.1\"\n           xmlns=\"http:\/\/www.w3.org\/2000\/svg\" xmlns:xlink=\"http:\/\/www.w3.org\/1999\/xlink\" xml:space=\"preserve\"\n           x=\"0px\" y=\"0px\" width=\"82px\" height=\"82px\"\n      >\n          <path class=\"svg-video-player-border\" d=\"M 3 41 C 3 20.013 20.013 3 41 3 C 61.987 3 79 20.013 79 41 C 79 61.987 61.987 79 41 79 C 20.013 79 3 61.987 3 41 Z\"\n            stroke=\"#ffffff\" stroke-width=\"1\" fill=\"none\"\/>\n          <path class=\"svg-video-player-icon\" d=\"M 33.4 28.65 L 33.4 54.3 L 54.3 41.95 L 33.4 28.65 Z\" stroke=\"#ffffff\" stroke-width=\"1\" fill=\"none\"\/>\n      <\/svg>\n      <\/a>\n<\/div>\n\n<script>\n  jQuery(document).ready(function ($) {\n    $('#vckit-video-player-6a024643e215b a').magnificPopup({\n      type: 'iframe'\n    });\n  });\n<\/script>\n[\/vc_column][\/vc_row][vc_row full_width=&#8220;stretch_row_content_no_spaces&#8220; css=&#8220;.vc_custom_1581347061875{margin-top: 0px !important;margin-bottom: 0px !important;background-color: #85754e !important;}&#8220;][vc_column][vc_row_inner css=&#8220;.vc_custom_1581342532788{margin-right: 8% !important;margin-left: 12% !important;padding-top: 20px !important;padding-bottom: 30px !important;}&#8220;][vc_column_inner width=&#8220;1\/4&#8243; css=&#8220;.vc_custom_1581344143197{padding-right: 42px !important;padding-bottom: 32px !important;}&#8220;][vc_column_text el_class=&#8220;weiss&#8220;]<\/p>\n<h5 style=\"text-align: left; color: #fff;\">Unsere Vertriebswege<\/h5>\n<p>[\/vc_column_text][vc_empty_space height=&#8220;20px&#8220;][vc_single_image image=&#8220;1580&#8243; img_size=&#8220;full&#8220;][vc_empty_space height=&#8220;20px&#8220;][vc_column_text el_class=&#8220;weiss&#8220;]Wir liefern bereits europaweit in s\u00e4mtliche L\u00e4nder der Europ\u00e4ischen Union und in die Schweiz. Sie haben Interesse am Aufbau eines eigenen Kundennetzes in Ihrem Land? Nehmen Sie mit uns Kontakt auf![\/vc_column_text][\/vc_column_inner][vc_column_inner width=&#8220;1\/4&#8243; css=&#8220;.vc_custom_1581344147375{padding-right: 42px !important;padding-bottom: 32px !important;}&#8220;][vc_column_text]<\/p>\n<h5 style=\"text-align: left; color: #fff;\">Wussten Sie bereits?<\/h5>\n<p>[\/vc_column_text][vc_empty_space height=&#8220;20px&#8220;]<div class=\"vckit-dropcap-wrapper\">\n  <span\n    class=\"vckit-dropcap dcap-squared dcap-lg border-md border-solid \"\n    id=\"vckitDropcap-71fq25aari2r\"\n      >\n    D  <\/span>\n  <p>as wir gr\u00f6\u00dften Wert auf sichere und erstklassige Rohstoffe setzen. So arbeiten wir mit erfahrenen Rohstofflieferanten zusammen. Dabei ist unsere Messlatte sehr hoch angesetzt, denn unsere Lieferanten werden genauestens \u201eunter die Lupe genommen\u201c. Wir achten streng auf die Verwendung hochwertiger Rohstoffe und pr\u00fcfen zum Beispiel bereits vor der Freigabe der Rezeptur die Zusammensetzung jedes einzelnen F\u00fam\u00e9e-Produkts.<\/p>\n<\/div>\n<style>\n#vckitDropcap-71fq25aari2r { color: #ffffff; }#vckitDropcap-71fq25aari2r { -webkit-border-image: -webkit-linear-gradient(top, #777777 0%, #ffffff 100%);-moz-border-image: -moz-linear-gradient(top, #777777 0%, #ffffff 100%);border-image: linear-gradient(to bottom, #777777 0%, #ffffff 100%);border-image-slice: 1; }<\/style>\n[\/vc_column_inner][vc_column_inner width=&#8220;1\/4&#8243; css=&#8220;.vc_custom_1581344151965{padding-right: 42px !important;padding-bottom: 32px !important;}&#8220;][vc_column_text el_class=&#8220;weiss&#8220;]<\/p>\n<h5 style=\"text-align: left; color: #fff;\">Hier finden Sie uns<\/h5>\n<p><strong><a style=\"color: #fff;\" rel=\"alternate\">F\u00fam\u00e9e &#8211; Perfume &amp; Cosmetics GmbH<\/a><\/strong><\/p>\n<p>Radlpa\u00dfstra\u00dfe 98<br \/>\n8511 St. Stefan ob Stainz<br \/>\nTelefon: <a href=\"tel:+43313621100\">+43 (0) 3136 21 100<\/a><br \/>\nEmail: <a href=\"mailto:office@fumee.at\">office@fumee.at<\/a>[\/vc_column_text][\/vc_column_inner][vc_column_inner width=&#8220;1\/4&#8243; css=&#8220;.vc_custom_1581344156396{padding-bottom: 32px !important;}&#8220;][vc_column_text el_class=&#8220;weiss&#8220;]<\/p>\n<h5 style=\"text-align: left; color: #fff;\">Information<\/h5>\n<p><a href=\"http:\/\/www.fumee-perfume.at\/index.php\/impressum\">Impressum<\/a><br \/>\n<a href=\"http:\/\/www.fumee-perfume.at\/index.php\/geschaeftsbedingungen\">Gesch\u00e4ftsbedingungen<\/a><br \/>\n<a href=\"http:\/\/www.fumee-perfume.at\/index.php\/datenschutz\">Datenschutzerkl\u00e4rung<\/a>[\/vc_column_text][\/vc_column_inner][\/vc_row_inner][\/vc_column][\/vc_row]<\/p>\n","protected":false},"excerpt":{"rendered":"<p>[vc_row full_width=&#8220;stretch_row_content_no_spaces&#8220; parallax=&#8220;content-moving&#8220; parallax_image=&#8220;2053&#8243; parallax_speed_bg=&#8220;2&#8243; row_overlay_bg=&#8220;rgba(0,0,0,0.56)&#8220; css=&#8220;.vc_custom_1583852246482{padding-top: 300px !important;padding-bottom: 200px !important;}&#8220; el_class=&#8220;mobileweg&#8220;][vc_column offset=&#8220;vc_hidden-xs&#8220;][\/vc_column][\/vc_row][vc_row full_width=&#8220;stretch_row_content_no_spaces&#8220; parallax=&#8220;content-moving&#8220; parallax_image=&#8220;2053&#8243; parallax_speed_bg=&#8220;2&#8243; row_overlay_bg=&#8220;rgba(0,0,0,0.56)&#8220; css=&#8220;.vc_custom_1583852241335{padding-top: 300px !important;padding-bottom: 200px !important;}&#8220; el_class=&#8220;desktopweg&#8220;][vc_column offset=&#8220;vc_hidden-lg vc_hidden-md vc_hidden-sm&#8220;][vc_custom_heading text=&#8220;EINEN SCHRITT VORW\u00c4RTS&#8220; font_container=&#8220;tag:h2|font_size:40|text_align:center|color:%23ffffff&#8220; use_theme_fonts=&#8220;yes&#8220; css_animation=&#8220;fadeInDown&#8220; css=&#8220;.vc_custom_1583852162914{margin-top: -60px !important;}&#8220;][vc_custom_heading text=&#8220;Karriere&#8220; font_container=&#8220;tag:h3|font_size:16|text_align:center|color:%23ffffff&#8220; use_theme_fonts=&#8220;yes&#8220; css_animation=&#8220;fadeInUp&#8220;][\/vc_column][\/vc_row][vc_row css=&#8220;.vc_custom_1582884130539{margin-bottom: 32px !important;}&#8220;][vc_column][vc_column_text] Was k\u00f6nnen Sie von uns erwarten? [\/vc_column_text][vc_row_inner][vc_column_inner][vc_column_text] Ihre Registrierung &#8211; einfach und [&hellip;]<\/p>\n","protected":false},"author":1,"featured_media":0,"parent":0,"menu_order":0,"comment_status":"closed","ping_status":"closed","template":"","meta":{"ngg_post_thumbnail":0},"_links":{"self":[{"href":"https:\/\/www.fumee-perfume.at\/index.php\/wp-json\/wp\/v2\/pages\/2052"}],"collection":[{"href":"https:\/\/www.fumee-perfume.at\/index.php\/wp-json\/wp\/v2\/pages"}],"about":[{"href":"https:\/\/www.fumee-perfume.at\/index.php\/wp-json\/wp\/v2\/types\/page"}],"author":[{"embeddable":true,"href":"https:\/\/www.fumee-perfume.at\/index.php\/wp-json\/wp\/v2\/users\/1"}],"replies":[{"embeddable":true,"href":"https:\/\/www.fumee-perfume.at\/index.php\/wp-json\/wp\/v2\/comments?post=2052"}],"version-history":[{"count":59,"href":"https:\/\/www.fumee-perfume.at\/index.php\/wp-json\/wp\/v2\/pages\/2052\/revisions"}],"predecessor-version":[{"id":2931,"href":"https:\/\/www.fumee-perfume.at\/index.php\/wp-json\/wp\/v2\/pages\/2052\/revisions\/2931"}],"wp:attachment":[{"href":"https:\/\/www.fumee-perfume.at\/index.php\/wp-json\/wp\/v2\/media?parent=2052"}],"curies":[{"name":"wp","href":"https:\/\/api.w.org\/{rel}","templated":true}]}}