{"id":2092,"date":"2020-03-09T08:28:33","date_gmt":"2020-03-09T07:28:33","guid":{"rendered":"http:\/\/www.fumee-perfume.at\/?page_id=2092"},"modified":"2020-11-16T08:55:33","modified_gmt":"2020-11-16T07:55:33","slug":"dufttyp-analyse","status":"publish","type":"page","link":"https:\/\/www.fumee-perfume.at\/index.php\/dufttyp-analyse","title":{"rendered":"Dufttyp Analyse"},"content":{"rendered":"<p>[vc_row full_width=&#8220;stretch_row&#8220; full_height=&#8220;yes&#8220; el_id=&#8220;row2&#8243; css=&#8220;.vc_custom_1583740485282{background-image: url(http:\/\/www.fumee-perfume.at\/wp-content\/uploads\/2020\/03\/left-white_fumee.jpg?id=2104) !important;background-position: center !important;background-repeat: no-repeat !important;background-size: cover !important;}&#8220;][vc_column width=&#8220;1\/2&#8243;][\/vc_column][vc_column width=&#8220;1\/2&#8243;]<div class=\"vckit-anim   wpb_animate_when_almost_visible vckit-anim vckit-anim-fadeInDown \" style=\"-webkit-animation-delay: 0s; animation-delay: 0s\">\n[vc_custom_heading text=&#8220;Wie finden Sie Ihr Parfum?&#8220; font_container=&#8220;tag:h2|font_size:40|text_align:left&#8220; use_theme_fonts=&#8220;yes&#8220; css=&#8220;.vc_custom_1583850797561{margin-bottom: 0px !important;}&#8220;]<\/div>\n[vc_empty_space]<div class=\"vckit-anim   wpb_animate_when_almost_visible vckit-anim vckit-anim-fadeInUp \" style=\"-webkit-animation-delay: 0.2s; animation-delay: 0.2s\">\n[vc_column_text css=&#8220;.vc_custom_1583850657720{padding-bottom: 50px !important;}&#8220;]Die Dufttyp-Analyse wurde aus den Erkenntnissen der Farbpsychologie von Psychologen des Freiburger Institutes f\u00fcr angewandte \u00c4sthetik entwickelt. Grunds\u00e4tzlich unterscheidet man zwischen einer <strong>Damen- und Herren-Dufttyp-Analyse.<\/strong> Das h\u00e4ngt damit zusammen, dass Damen bei der Parfumwahl grunds\u00e4tzlich realistisch sind und nur das betonen wollen, was sie auch sind. Sie suchen Ihren Duft mehr nach dem Anlass bzw. der momentanen Stimmung aus. Den Herren dagegen geht es mehr um ein Ideal und sie unterstreichen eigentlich nur das, was sie gerne sein w\u00fcrden. Dadurch l\u00e4sst sich der Duft bei Herren auch nicht \u00fcber die Farben allein bestimmen. Sie m\u00fcssen sich zus\u00e4tzlich f\u00fcr eine Form entscheiden.[\/vc_column_text]<\/div>\n[\/vc_column][\/vc_row][vc_row full_width=&#8220;stretch_row&#8220; full_height=&#8220;yes&#8220; el_id=&#8220;row3&#8243; css=&#8220;.vc_custom_1583741385121{background-image: url(http:\/\/www.fumee-perfume.at\/wp-content\/uploads\/2020\/03\/right-white_fumee.jpg?id=2113) !important;background-position: center !important;background-repeat: no-repeat !important;background-size: cover !important;}&#8220;][vc_column width=&#8220;1\/2&#8243;]<div class=\"vckit-anim   wpb_animate_when_almost_visible vckit-anim vckit-anim-fadeInDown \" style=\"-webkit-animation-delay: 0s; animation-delay: 0s\">\n[vc_custom_heading text=&#8220;Die Entfaltung in drei Phasen&#8220; font_container=&#8220;tag:h2|font_size:40|text_align:left&#8220; use_theme_fonts=&#8220;yes&#8220; css=&#8220;.vc_custom_1583850802414{margin-bottom: 0px !important;}&#8220;]<\/div>\n[vc_empty_space]<div class=\"vckit-anim   wpb_animate_when_almost_visible vckit-anim vckit-anim-fadeInUp \" style=\"-webkit-animation-delay: 0.2s; animation-delay: 0.2s\">\n[vc_column_text css=&#8220;.vc_custom_1583850679261{padding-bottom: 50px !important;}&#8220;]<strong>1. Kopfnote:<\/strong> Duftauftakt, der als erster Eindruck in die Nase steigt. Der Duft ist mit Alkohol vermischt, der erst verfliegen muss und noch nicht viel aussagt.<\/p>\n<p><strong>2. Herznote:<\/strong> Mittelst\u00fcck einer Parfumkreation, die sich erst nach einigen Minuten nach dem Auftragen des Parfums entfaltet.<\/p>\n<p><strong>3. Basisnote:<\/strong> stellt sich erst nach 20 \u2013 30 Minuten ein, hinterl\u00e4sst den intensiven Eindruck und haftet f\u00fcr viele Stunden.[\/vc_column_text]<\/div>\n[\/vc_column][vc_column width=&#8220;1\/2&#8243;][\/vc_column][\/vc_row][vc_row full_width=&#8220;stretch_row&#8220; full_height=&#8220;yes&#8220; css=&#8220;.vc_custom_1583742082360{background-image: url(http:\/\/www.fumee-perfume.at\/wp-content\/uploads\/2020\/03\/left-white_fumee_v2.jpg?id=2116) !important;background-position: center !important;background-repeat: no-repeat !important;background-size: cover !important;}&#8220;][vc_column width=&#8220;1\/2&#8243;][\/vc_column][vc_column width=&#8220;1\/2&#8243;]<div class=\"vckit-anim   wpb_animate_when_almost_visible vckit-anim vckit-anim-fadeInDown \" style=\"-webkit-animation-delay: 0s; animation-delay: 0s\">\n[vc_custom_heading text=&#8220;Wie funktioniert die Dufttyp-Analyse?&#8220; font_container=&#8220;tag:h2|font_size:40|text_align:left&#8220; use_theme_fonts=&#8220;yes&#8220; css=&#8220;.vc_custom_1589370118549{margin-bottom: 0px !important;}&#8220;]<\/div>\n[vc_empty_space]<div class=\"vckit-anim   wpb_animate_when_almost_visible vckit-anim vckit-anim-fadeInUp \" style=\"-webkit-animation-delay: 0.2s; animation-delay: 0.2s\">\n[vc_column_text]Ein Duft soll die eigene Pers\u00f6nlichkeit unterstreichen!<\/p>\n<p>Damit die Wahl des perfekten Duftes vereinfacht wird, wurde die Dufttyp-Analyse ganz einfach aufgebaut.<\/p>\n<p>&nbsp;<\/p>\n<p>Blicken Sie f\u00fcr kurze Zeit auf die Symbole der einzelnen Dufttypen!<\/p>\n<p>Entscheiden Sie nach wenigen Sekunden intuitiv und w\u00e4hlen Sie so Ihren Dufttyp!<\/p>\n<p>Welche D\u00fcfte nun diesen Dufttyp zugeordnet sind, finden Sie in der Duftliste.<\/p>\n<p>&nbsp;<\/p>\n<p>Bei weiteren Fragen wenden Sie sich an Ihre(n) Duftberater(in).[\/vc_column_text]<\/div>\n[vc_empty_space]<div class=\"vckit-anim   wpb_animate_when_almost_visible vckit-anim vckit-anim-fadeInUp vc_custom_1583850690198\" style=\"-webkit-animation-delay: 0.4s; animation-delay: 0.4s\">\n<div class=\"vckit-btn-container vckit-btn-inline\"><a class=\"vckit-btn button--winona button--size-m button--text-thin button--border-none button--round-none vckit_custom_class_105fb23043f346f  vc_custom_1605513303278\" href=\"https:\/\/www.fumee-perfume.at\/index.php\/dufttyp-damen\" title=\"Dufttyp Damen\" data-text=\"Duftanalyse Damen\"><span>Duftanalyse Damen<\/span><\/a><\/div>\n<style type=\"text\/css\" data-type=\"vckit-shortcode-css\" data-shortcode=\"vckit_button\">.vckit-btn.vckit_custom_class_105fb23043f346f { color: #ffffff}.vckit-btn.vckit_custom_class_105fb23043f346f:hover { color: #85754e}.vckit-btn.vckit_custom_class_105fb23043f346f:after { color: #85754e}.vckit-btn.vckit_custom_class_105fb23043f346f { background-color: #85754e}.vckit-btn.vckit_custom_class_105fb23043f346f:hover { background-color: #d1d1d1}<\/style><div class=\"vckit-btn-container vckit-btn-inline\"><a class=\"vckit-btn button--winona button--size-m button--text-thin button--border-none button--round-none vckit_custom_class_95fb2305f4ea86\" href=\"https:\/\/www.fumee-perfume.at\/index.php\/dufttyp-herren\" title=\"Dufttyp Herren\" data-text=\"Duftanalyse Herren\"><span>Duftanalyse Herren<\/span><\/a><\/div>\n<style type=\"text\/css\" data-type=\"vckit-shortcode-css\" data-shortcode=\"vckit_button\">.vckit-btn.vckit_custom_class_95fb2305f4ea86 { color: #ffffff}.vckit-btn.vckit_custom_class_95fb2305f4ea86:hover { color: #000000}.vckit-btn.vckit_custom_class_95fb2305f4ea86:after { color: #000000}.vckit-btn.vckit_custom_class_95fb2305f4ea86 { background-color: #000000}.vckit-btn.vckit_custom_class_95fb2305f4ea86:hover { background-color: #d1d1d1}<\/style><\/div>\n[\/vc_column][\/vc_row][vc_row full_width=&#8220;stretch_row_content_no_spaces&#8220; css=&#8220;.vc_custom_1583743128316{margin-top: 0px !important;margin-bottom: 0px !important;background-color: #85754e !important;}&#8220;][vc_column][vc_row_inner css=&#8220;.vc_custom_1583743362330{margin-right: 8% !important;margin-left: 12% !important;padding-top: 20px !important;padding-bottom: 30px !important;}&#8220;][vc_column_inner width=&#8220;1\/4&#8243; css=&#8220;.vc_custom_1583743432616{padding-right: 42px !important;padding-bottom: 32px !important;}&#8220;][vc_column_text]<\/p>\n<h5 style=\"text-align: left; color: #fff;\">Unsere Vertriebswege<\/h5>\n<p>[\/vc_column_text][vc_empty_space height=&#8220;20px&#8220;][vc_single_image image=&#8220;1580&#8243; img_size=&#8220;full&#8220;][vc_empty_space height=&#8220;20px&#8220;][vc_column_text el_class=&#8220;weiss&#8220;]Wir liefern bereits europaweit in s\u00e4mtliche L\u00e4nder der Europ\u00e4ischen Union und in die Schweiz. Sie haben Interesse am Aufbau eines eigenen Kundennetzes in Ihrem Land? Nehmen Sie mit uns Kontakt auf![\/vc_column_text][\/vc_column_inner][vc_column_inner width=&#8220;1\/4&#8243; css=&#8220;.vc_custom_1583743444775{padding-right: 42px !important;padding-bottom: 32px !important;}&#8220;][vc_column_text]<\/p>\n<h5 style=\"text-align: left; color: #fff;\">Wussten Sie bereits?<\/h5>\n<p>[\/vc_column_text][vc_empty_space height=&#8220;20px&#8220;]<div class=\"vckit-dropcap-wrapper\">\n  <span\n    class=\"vckit-dropcap dcap-squared dcap-lg border-md border-solid \"\n    id=\"vckitDropcap-6p33y4nqlkay\"\n      >\n    D  <\/span>\n  <p>as wir gr\u00f6\u00dften Wert auf sichere und erstklassige Rohstoffe setzen. So arbeiten wir mit erfahrenen Rohstofflieferanten zusammen. Dabei ist unsere Messlatte sehr hoch angesetzt, denn unsere Lieferanten werden genauestens \u201eunter die Lupe genommen\u201c. Wir achten streng auf die Verwendung hochwertiger Rohstoffe und pr\u00fcfen zum Beispiel bereits vor der Freigabe der Rezeptur die Zusammensetzung jedes einzelnen F\u00fam\u00e9e-Produkts.<\/p>\n<\/div>\n<style>\n#vckitDropcap-6p33y4nqlkay { color: #ffffff; }#vckitDropcap-6p33y4nqlkay { -webkit-border-image: -webkit-linear-gradient(top, #777777 0%, #ffffff 100%);-moz-border-image: -moz-linear-gradient(top, #777777 0%, #ffffff 100%);border-image: linear-gradient(to bottom, #777777 0%, #ffffff 100%);border-image-slice: 1; }<\/style>\n[\/vc_column_inner][vc_column_inner width=&#8220;1\/4&#8243; css=&#8220;.vc_custom_1583743455487{padding-right: 42px !important;padding-bottom: 32px !important;}&#8220;][vc_column_text el_class=&#8220;weiss&#8220;]<\/p>\n<h5 style=\"text-align: left; color: #fff;\">Hier finden Sie uns<\/h5>\n<p><strong><a style=\"color: #fff;\" rel=\"alternate\">F\u00fam\u00e9e &#8211; Perfume &amp; Cosmetics GmbH<\/a><\/strong><\/p>\n<p>Radlpa\u00dfstra\u00dfe 98<br \/>\n8511 St. Stefan ob Stainz<br \/>\nTelefon: <a href=\"tel:+43313621100\">+43 (0) 3136 21 100<\/a><br \/>\nEmail: <a href=\"mailto:office@fumee.at\">office@fumee.at<\/a>[\/vc_column_text][\/vc_column_inner][vc_column_inner width=&#8220;1\/4&#8243; css=&#8220;.vc_custom_1583743464239{padding-bottom: 32px !important;}&#8220;][vc_column_text el_class=&#8220;weiss&#8220;]<\/p>\n<h5 style=\"text-align: left; color: #fff;\">Information<\/h5>\n<p><a href=\"http:\/\/www.fumee-perfume.at\/index.php\/impressum\">Impressum<\/a><br \/>\n<a href=\"http:\/\/www.fumee-perfume.at\/index.php\/geschaeftsbedingungen\">Gesch\u00e4ftsbedingungen<\/a><br \/>\n<a href=\"http:\/\/www.fumee-perfume.at\/index.php\/datenschutz\">Datenschutzerkl\u00e4rung<\/a>[\/vc_column_text][\/vc_column_inner][\/vc_row_inner][\/vc_column][\/vc_row]<\/p>\n","protected":false},"excerpt":{"rendered":"<p>[vc_row full_width=&#8220;stretch_row&#8220; full_height=&#8220;yes&#8220; el_id=&#8220;row2&#8243; css=&#8220;.vc_custom_1583740485282{background-image: url(http:\/\/www.fumee-perfume.at\/wp-content\/uploads\/2020\/03\/left-white_fumee.jpg?id=2104) !important;background-position: center !important;background-repeat: no-repeat !important;background-size: cover !important;}&#8220;][vc_column width=&#8220;1\/2&#8243;][\/vc_column][vc_column width=&#8220;1\/2&#8243;][vc_empty_space][\/vc_column][\/vc_row][vc_row full_width=&#8220;stretch_row&#8220; full_height=&#8220;yes&#8220; el_id=&#8220;row3&#8243; css=&#8220;.vc_custom_1583741385121{background-image: url(http:\/\/www.fumee-perfume.at\/wp-content\/uploads\/2020\/03\/right-white_fumee.jpg?id=2113) !important;background-position: center !important;background-repeat: no-repeat !important;background-size: cover !important;}&#8220;][vc_column width=&#8220;1\/2&#8243;][vc_empty_space][\/vc_column][vc_column width=&#8220;1\/2&#8243;][\/vc_column][\/vc_row][vc_row full_width=&#8220;stretch_row&#8220; full_height=&#8220;yes&#8220; css=&#8220;.vc_custom_1583742082360{background-image: url(http:\/\/www.fumee-perfume.at\/wp-content\/uploads\/2020\/03\/left-white_fumee_v2.jpg?id=2116) !important;background-position: center !important;background-repeat: no-repeat !important;background-size: cover !important;}&#8220;][vc_column width=&#8220;1\/2&#8243;][\/vc_column][vc_column width=&#8220;1\/2&#8243;][vc_empty_space][vc_empty_space][\/vc_column][\/vc_row][vc_row full_width=&#8220;stretch_row_content_no_spaces&#8220; css=&#8220;.vc_custom_1583743128316{margin-top: 0px !important;margin-bottom: 0px !important;background-color: #85754e !important;}&#8220;][vc_column][vc_row_inner css=&#8220;.vc_custom_1583743362330{margin-right: 8% !important;margin-left: 12% !important;padding-top: [&hellip;]<\/p>\n","protected":false},"author":1,"featured_media":0,"parent":0,"menu_order":0,"comment_status":"closed","ping_status":"closed","template":"","meta":{"ngg_post_thumbnail":0},"_links":{"self":[{"href":"https:\/\/www.fumee-perfume.at\/index.php\/wp-json\/wp\/v2\/pages\/2092"}],"collection":[{"href":"https:\/\/www.fumee-perfume.at\/index.php\/wp-json\/wp\/v2\/pages"}],"about":[{"href":"https:\/\/www.fumee-perfume.at\/index.php\/wp-json\/wp\/v2\/types\/page"}],"author":[{"embeddable":true,"href":"https:\/\/www.fumee-perfume.at\/index.php\/wp-json\/wp\/v2\/users\/1"}],"replies":[{"embeddable":true,"href":"https:\/\/www.fumee-perfume.at\/index.php\/wp-json\/wp\/v2\/comments?post=2092"}],"version-history":[{"count":47,"href":"https:\/\/www.fumee-perfume.at\/index.php\/wp-json\/wp\/v2\/pages\/2092\/revisions"}],"predecessor-version":[{"id":3074,"href":"https:\/\/www.fumee-perfume.at\/index.php\/wp-json\/wp\/v2\/pages\/2092\/revisions\/3074"}],"wp:attachment":[{"href":"https:\/\/www.fumee-perfume.at\/index.php\/wp-json\/wp\/v2\/media?parent=2092"}],"curies":[{"name":"wp","href":"https:\/\/api.w.org\/{rel}","templated":true}]}}