{"id":2326,"date":"2020-03-16T15:30:35","date_gmt":"2020-03-16T14:30:35","guid":{"rendered":"http:\/\/www.fumee-perfume.at\/?page_id=2326"},"modified":"2020-04-06T08:53:06","modified_gmt":"2020-04-06T06:53:06","slug":"party-anfrage","status":"publish","type":"page","link":"https:\/\/www.fumee-perfume.at\/index.php\/party-anfrage","title":{"rendered":"Party Anfrage"},"content":{"rendered":"<p>[vc_row full_width=&#8220;stretch_row_content_no_spaces&#8220; parallax=&#8220;content-moving&#8220; parallax_image=&#8220;2340&#8243; parallax_speed_bg=&#8220;2&#8243; row_overlay_bg=&#8220;rgba(0,0,0,0.56)&#8220; css=&#8220;.vc_custom_1584371246106{padding-top: 300px !important;padding-bottom: 200px !important;}&#8220; el_class=&#8220;mobileweg&#8220;][vc_column offset=&#8220;vc_hidden-xs&#8220;]<div class=\"vckit-anim   wpb_animate_when_almost_visible vckit-anim vckit-anim-fadeInDown \" style=\"-webkit-animation-delay: 0.3s; animation-delay: 0.3s\">\n[vc_custom_heading text=&#8220;PARTY ANFRAGE&#8220; font_container=&#8220;tag:h2|font_size:50|text_align:center|color:%23ffffff&#8220; use_theme_fonts=&#8220;yes&#8220;]<\/div>\n<div class=\"vckit-anim   wpb_animate_when_almost_visible vckit-anim vckit-anim-fadeInUp \" style=\"-webkit-animation-delay: 1s; animation-delay: 1s\">\n[vc_custom_heading text=&#8220;Karriere&#8220; font_container=&#8220;tag:h3|font_size:20|text_align:center|color:%23ffffff&#8220; use_theme_fonts=&#8220;yes&#8220;]<\/div>\n[\/vc_column][\/vc_row][vc_row full_width=&#8220;stretch_row_content_no_spaces&#8220; parallax=&#8220;content-moving&#8220; parallax_image=&#8220;2340&#8243; parallax_speed_bg=&#8220;2&#8243; row_overlay_bg=&#8220;rgba(0,0,0,0.56)&#8220; css=&#8220;.vc_custom_1584371257972{padding-top: 300px !important;padding-bottom: 200px !important;}&#8220; el_class=&#8220;desktopweg&#8220;][vc_column offset=&#8220;vc_hidden-lg vc_hidden-md vc_hidden-sm&#8220;][vc_custom_heading text=&#8220;PARTY ANFRAGE&#8220; font_container=&#8220;tag:h2|font_size:40|text_align:center|color:%23ffffff&#8220; use_theme_fonts=&#8220;yes&#8220; css_animation=&#8220;fadeInDown&#8220; css=&#8220;.vc_custom_1584370552699{margin-top: -60px !important;}&#8220;][vc_custom_heading text=&#8220;Karriere&#8220; font_container=&#8220;tag:h3|font_size:16|text_align:center|color:%23ffffff&#8220; use_theme_fonts=&#8220;yes&#8220; css_animation=&#8220;fadeInUp&#8220;][\/vc_column][\/vc_row][vc_row css=&#8220;.vc_custom_1582884130539{margin-bottom: 32px !important;}&#8220;][vc_column width=&#8220;1\/12&#8243;][\/vc_column][vc_column width=&#8220;10\/12&#8243;][vc_empty_space][vc_column_text css_animation=&#8220;fadeInDown&#8220;]<\/p>\n<h3 style=\"text-align: center;\">Jetzt kostenlos und unverbindlich eine Party anfragen!<\/h3>\n<p>[\/vc_column_text][vc_empty_space]\n<div class=\"vckit-contact vckit-contact-basic vckit_custom_class_105e6f8fb114af6 \">\n    \n<div class=\"wpcf7 no-js\" id=\"wpcf7-f2329-o1\" lang=\"de-DE\" dir=\"ltr\">\n<div class=\"screen-reader-response\"><p role=\"status\" aria-live=\"polite\" aria-atomic=\"true\"><\/p> <ul><\/ul><\/div>\n<form action=\"\/index.php\/wp-json\/wp\/v2\/pages\/2326#wpcf7-f2329-o1\" method=\"post\" class=\"wpcf7-form init\" aria-label=\"Kontaktformular\" novalidate=\"novalidate\" data-status=\"init\">\n<div style=\"display: none;\">\n<input type=\"hidden\" name=\"_wpcf7\" value=\"2329\" \/>\n<input type=\"hidden\" name=\"_wpcf7_version\" value=\"5.7.7\" \/>\n<input type=\"hidden\" name=\"_wpcf7_locale\" value=\"de_DE\" \/>\n<input type=\"hidden\" name=\"_wpcf7_unit_tag\" value=\"wpcf7-f2329-o1\" \/>\n<input type=\"hidden\" name=\"_wpcf7_container_post\" value=\"0\" \/>\n<input type=\"hidden\" name=\"_wpcf7_posted_data_hash\" value=\"\" \/>\n<input type=\"hidden\" name=\"_wpcf7_recaptcha_response\" value=\"\" \/>\n<\/div>\n<div class=\"vc_row\" id=\"party_anfrage\">\n\t<div class=\"vc_col-md-6\">\n\t\t<p><span class=\"vckit-input\">\n<span class=\"wpcf7-form-control-wrap\" data-name=\"client_name\"><input size=\"40\" class=\"wpcf7-form-control wpcf7-text vckit-input__field\" aria-invalid=\"false\" placeholder=\"Vor- und Nachname*\" value=\"\" type=\"text\" name=\"client_name\" \/><\/span>\n<\/span>\n\t\t<\/p>\n\t<\/div>\n\t<div class=\"vc_col-md-6\">\n\t\t<p><span class=\"vckit-input\">\n<span class=\"wpcf7-form-control-wrap\" data-name=\"client_address\"><input size=\"40\" class=\"wpcf7-form-control wpcf7-text vckit-input__field\" aria-invalid=\"false\" placeholder=\"Stra\u00dfe \/ Nr.*\" value=\"\" type=\"text\" name=\"client_address\" \/><\/span>\n<\/span>\n\t\t<\/p>\n\t<\/div>\n\t<div class=\"vc_col-md-4\">\n\t\t<p><span class=\"vckit-input\">\n<span class=\"wpcf7-form-control-wrap\" data-name=\"client_plz\"><input size=\"40\" class=\"wpcf7-form-control wpcf7-text vckit-input__field\" aria-invalid=\"false\" placeholder=\"PLZ*\" value=\"\" type=\"text\" name=\"client_plz\" \/><\/span>\n<\/span>\n\t\t<\/p>\n\t<\/div>\n\t<div class=\"vc_col-md-4\">\n\t\t<p><span class=\"vckit-input\">\n<span class=\"wpcf7-form-control-wrap\" data-name=\"client_ort\"><input size=\"40\" class=\"wpcf7-form-control wpcf7-text vckit-input__field\" aria-invalid=\"false\" placeholder=\"Ort*\" value=\"\" type=\"text\" name=\"client_ort\" \/><\/span>\n<\/span>\n\t\t<\/p>\n\t<\/div>\n\t<div class=\"vc_col-md-4\">\n\t\t<p><span class=\"vckit-input\">\n<span class=\"wpcf7-form-control-wrap\" data-name=\"client_country\"><input size=\"40\" class=\"wpcf7-form-control wpcf7-text vckit-input__field\" aria-invalid=\"false\" placeholder=\"Land*\" value=\"\" type=\"text\" name=\"client_country\" \/><\/span>\n<\/span>\n\t\t<\/p>\n\t<\/div>\n\t<div class=\"vc_col-md-6\">\n\t\t<p><span class=\"vckit-input\">\n<span class=\"wpcf7-form-control-wrap\" data-name=\"your-email\"><input size=\"40\" class=\"wpcf7-form-control wpcf7-text wpcf7-email wpcf7-validates-as-required wpcf7-validates-as-email vckit-input__field\" aria-required=\"true\" aria-invalid=\"false\" placeholder=\"Ihre E-Mail-Adresse*\" value=\"\" type=\"email\" name=\"your-email\" \/><\/span>\n<\/span>\n\t\t<\/p>\n\t<\/div>\n\t<div class=\"vc_col-md-6\">\n\t\t<p><span class=\"vckit-input\">\n<span class=\"wpcf7-form-control-wrap\" data-name=\"tel-667\"><input size=\"40\" class=\"wpcf7-form-control wpcf7-text wpcf7-tel wpcf7-validates-as-tel vckit-input__field\" aria-invalid=\"false\" placeholder=\"Telefonnummer\" value=\"\" type=\"tel\" name=\"tel-667\" \/><\/span>\n<\/span>\n\t\t<\/p>\n\t<\/div>\n\t<div class=\"vc_col-md-12\">\n\t\t<p><input class=\"wpcf7-form-control has-spinner wpcf7-submit partybutton\" type=\"submit\" value=\"Senden\" \/>\n\t\t<\/p>\n\t<\/div>\n<\/div><div class=\"wpcf7-response-output\" aria-hidden=\"true\"><\/div>\n<\/form>\n<\/div>\n<\/div>\n<style type=\"text\/css\" data-type=\"vckit-shortcode-css\" data-shortcode=\"vckit_contact_form7\">.vckit-contact.vckit-contact-basic.vckit_custom_class_105e6f8fb114af6 .vckit-input__field { border-color: #85754e }.vckit-contact.vckit-contact-basic.vckit_custom_class_105e6f8fb114af6 textarea { border-color: #85754e }.vckit-contact.vckit-contact-basic.vckit_custom_class_105e6f8fb114af6 textarea { border-color: #85754e}.vckit-contact.vckit-contact-basic.vckit_custom_class_105e6f8fb114af6 input[type=\"submit\"] { border-color: #85754e }.vckit-contact.vckit-contact-basic.vckit_custom_class_105e6f8fb114af6 .vckit-input--filled .vckit-input__field, .vckit-contact.vckit-contact-basic.vckit_custom_class_105e6f8fb114af6 .vckit-input__field:focus, .vckit-contact.vckit-contact-basic.vckit_custom_class_105e6f8fb114af6 textarea.vckit-textarea--filled, .vckit-contact.vckit-contact-basic.vckit_custom_class_105e6f8fb114af6 textarea:focus { border-color: #000000 }.vckit-contact.vckit-contact-basic.vckit_custom_class_105e6f8fb114af6 input[type=\"submit\"]:hover { border-color: #000000 }.vckit-contact.vckit-contact-basic.vckit_custom_class_105e6f8fb114af6 input[type=\"submit\"]:hover { color: #000000 }.vckit-contact.vckit-contact-basic.vckit_custom_class_105e6f8fb114af6 .vckit-input__label, .vckit-contact.vckit-contact-basic.vckit_custom_class_105e6f8fb114af6 .vckit-input__label-content, .vckit-contact.vckit-contact-basic.vckit_custom_class_105e6f8fb114af6 textarea::-webkit-input-placeholder { color: #85754e }.vckit-contact.vckit-contact-basic.vckit_custom_class_105e6f8fb114af6 input[type=\"submit\"] { color: #85754e }.vckit-contact.vckit-contact-basic.vckit_custom_class_105e6f8fb114af6 .vckit-input__field, .vckit-contact.vckit-contact-basic.vckit_custom_class_105e6f8fb114af6 textarea  { color: #000000 }<\/style>[vc_empty_space height=&#8220;50px&#8220; el_class=&#8220;mobileweg&#8220;][\/vc_column][vc_column width=&#8220;1\/12&#8243;][\/vc_column][\/vc_row][vc_row full_width=&#8220;stretch_row_content_no_spaces&#8220; css=&#8220;.vc_custom_1581347061875{margin-top: 0px !important;margin-bottom: 0px !important;background-color: #85754e !important;}&#8220;][vc_column][vc_row_inner css=&#8220;.vc_custom_1581342532788{margin-right: 8% !important;margin-left: 12% !important;padding-top: 20px !important;padding-bottom: 30px !important;}&#8220;][vc_column_inner width=&#8220;1\/4&#8243; css=&#8220;.vc_custom_1581344143197{padding-right: 42px !important;padding-bottom: 32px !important;}&#8220;][vc_column_text el_class=&#8220;weiss&#8220;]<\/p>\n<h5 style=\"text-align: left; color: #fff;\">Unsere Vertriebswege<\/h5>\n<p>[\/vc_column_text][vc_empty_space height=&#8220;20px&#8220;][vc_single_image image=&#8220;1580&#8243; img_size=&#8220;full&#8220;][vc_empty_space height=&#8220;20px&#8220;][vc_column_text el_class=&#8220;weiss&#8220;]Wir liefern bereits europaweit in s\u00e4mtliche L\u00e4nder der Europ\u00e4ischen Union und in die Schweiz. Sie haben Interesse am Aufbau eines eigenen Kundennetzes in Ihrem Land? Nehmen Sie mit uns Kontakt auf![\/vc_column_text][\/vc_column_inner][vc_column_inner width=&#8220;1\/4&#8243; css=&#8220;.vc_custom_1581344147375{padding-right: 42px !important;padding-bottom: 32px !important;}&#8220;][vc_column_text]<\/p>\n<h5 style=\"text-align: left; color: #fff;\">Wussten Sie bereits?<\/h5>\n<p>[\/vc_column_text][vc_empty_space height=&#8220;20px&#8220;]<div class=\"vckit-dropcap-wrapper\">\n  <span\n    class=\"vckit-dropcap dcap-squared dcap-lg border-md border-solid \"\n    id=\"vckitDropcap-1qxyzi48wz8d\"\n      >\n    D  <\/span>\n  <p>as wir gr\u00f6\u00dften Wert auf sichere und erstklassige Rohstoffe setzen. So arbeiten wir mit erfahrenen Rohstofflieferanten zusammen. Dabei ist unsere Messlatte sehr hoch angesetzt, denn unsere Lieferanten werden genauestens \u201eunter die Lupe genommen\u201c. Wir achten streng auf die Verwendung hochwertiger Rohstoffe und pr\u00fcfen zum Beispiel bereits vor der Freigabe der Rezeptur die Zusammensetzung jedes einzelnen F\u00fam\u00e9e-Produkts.<\/p>\n<\/div>\n<style>\n#vckitDropcap-1qxyzi48wz8d { color: #ffffff; }#vckitDropcap-1qxyzi48wz8d { -webkit-border-image: -webkit-linear-gradient(top, #777777 0%, #ffffff 100%);-moz-border-image: -moz-linear-gradient(top, #777777 0%, #ffffff 100%);border-image: linear-gradient(to bottom, #777777 0%, #ffffff 100%);border-image-slice: 1; }<\/style>\n[\/vc_column_inner][vc_column_inner width=&#8220;1\/4&#8243; css=&#8220;.vc_custom_1581344151965{padding-right: 42px !important;padding-bottom: 32px !important;}&#8220;][vc_column_text el_class=&#8220;weiss&#8220;]<\/p>\n<h5 style=\"text-align: left; color: #fff;\">Hier finden Sie uns<\/h5>\n<p><strong><a style=\"color: #fff;\" rel=\"alternate\">F\u00fam\u00e9e &#8211; Perfume &amp; Cosmetics GmbH<\/a><\/strong><\/p>\n<p>Radlpa\u00dfstra\u00dfe 98<br \/>\n8511 St. Stefan ob Stainz<br \/>\nTelefon: <a href=\"tel:+43313621100\">+43 (0) 3136 21 100<\/a><br \/>\nEmail: <a href=\"mailto:office@fumee.at\">office@fumee.at<\/a>[\/vc_column_text][\/vc_column_inner][vc_column_inner width=&#8220;1\/4&#8243; css=&#8220;.vc_custom_1581344156396{padding-bottom: 32px !important;}&#8220;][vc_column_text el_class=&#8220;weiss&#8220;]<\/p>\n<h5 style=\"text-align: left; color: #fff;\">Information<\/h5>\n<p><a href=\"http:\/\/www.fumee-perfume.at\/index.php\/impressum\">Impressum<\/a><br \/>\n<a href=\"http:\/\/www.fumee-perfume.at\/index.php\/geschaeftsbedingungen\">Gesch\u00e4ftsbedingungen<\/a><br \/>\n<a href=\"http:\/\/www.fumee-perfume.at\/index.php\/datenschutz\">Datenschutzerkl\u00e4rung<\/a>[\/vc_column_text][\/vc_column_inner][\/vc_row_inner][\/vc_column][\/vc_row]<\/p>\n","protected":false},"excerpt":{"rendered":"<p>[vc_row full_width=&#8220;stretch_row_content_no_spaces&#8220; parallax=&#8220;content-moving&#8220; parallax_image=&#8220;2340&#8243; parallax_speed_bg=&#8220;2&#8243; row_overlay_bg=&#8220;rgba(0,0,0,0.56)&#8220; css=&#8220;.vc_custom_1584371246106{padding-top: 300px !important;padding-bottom: 200px !important;}&#8220; el_class=&#8220;mobileweg&#8220;][vc_column offset=&#8220;vc_hidden-xs&#8220;][\/vc_column][\/vc_row][vc_row full_width=&#8220;stretch_row_content_no_spaces&#8220; parallax=&#8220;content-moving&#8220; parallax_image=&#8220;2340&#8243; parallax_speed_bg=&#8220;2&#8243; row_overlay_bg=&#8220;rgba(0,0,0,0.56)&#8220; css=&#8220;.vc_custom_1584371257972{padding-top: 300px !important;padding-bottom: 200px !important;}&#8220; el_class=&#8220;desktopweg&#8220;][vc_column offset=&#8220;vc_hidden-lg vc_hidden-md vc_hidden-sm&#8220;][vc_custom_heading text=&#8220;PARTY ANFRAGE&#8220; font_container=&#8220;tag:h2|font_size:40|text_align:center|color:%23ffffff&#8220; use_theme_fonts=&#8220;yes&#8220; css_animation=&#8220;fadeInDown&#8220; css=&#8220;.vc_custom_1584370552699{margin-top: -60px !important;}&#8220;][vc_custom_heading text=&#8220;Karriere&#8220; font_container=&#8220;tag:h3|font_size:16|text_align:center|color:%23ffffff&#8220; use_theme_fonts=&#8220;yes&#8220; css_animation=&#8220;fadeInUp&#8220;][\/vc_column][\/vc_row][vc_row css=&#8220;.vc_custom_1582884130539{margin-bottom: 32px !important;}&#8220;][vc_column width=&#8220;1\/12&#8243;][\/vc_column][vc_column width=&#8220;10\/12&#8243;][vc_empty_space][vc_column_text css_animation=&#8220;fadeInDown&#8220;] Jetzt kostenlos und unverbindlich eine Party anfragen! [\/vc_column_text][vc_empty_space][vc_empty_space height=&#8220;50px&#8220; el_class=&#8220;mobileweg&#8220;][\/vc_column][vc_column [&hellip;]<\/p>\n","protected":false},"author":1,"featured_media":0,"parent":0,"menu_order":0,"comment_status":"closed","ping_status":"closed","template":"","meta":{"ngg_post_thumbnail":0},"_links":{"self":[{"href":"https:\/\/www.fumee-perfume.at\/index.php\/wp-json\/wp\/v2\/pages\/2326"}],"collection":[{"href":"https:\/\/www.fumee-perfume.at\/index.php\/wp-json\/wp\/v2\/pages"}],"about":[{"href":"https:\/\/www.fumee-perfume.at\/index.php\/wp-json\/wp\/v2\/types\/page"}],"author":[{"embeddable":true,"href":"https:\/\/www.fumee-perfume.at\/index.php\/wp-json\/wp\/v2\/users\/1"}],"replies":[{"embeddable":true,"href":"https:\/\/www.fumee-perfume.at\/index.php\/wp-json\/wp\/v2\/comments?post=2326"}],"version-history":[{"count":14,"href":"https:\/\/www.fumee-perfume.at\/index.php\/wp-json\/wp\/v2\/pages\/2326\/revisions"}],"predecessor-version":[{"id":2675,"href":"https:\/\/www.fumee-perfume.at\/index.php\/wp-json\/wp\/v2\/pages\/2326\/revisions\/2675"}],"wp:attachment":[{"href":"https:\/\/www.fumee-perfume.at\/index.php\/wp-json\/wp\/v2\/media?parent=2326"}],"curies":[{"name":"wp","href":"https:\/\/api.w.org\/{rel}","templated":true}]}}