{"id":2636,"date":"2020-03-31T14:14:19","date_gmt":"2020-03-31T12:14:19","guid":{"rendered":"http:\/\/www.fumee-perfume.at\/?page_id=2636"},"modified":"2020-06-03T18:17:01","modified_gmt":"2020-06-03T16:17:01","slug":"impressum","status":"publish","type":"page","link":"https:\/\/www.fumee-perfume.at\/index.php\/impressum","title":{"rendered":"Impressum"},"content":{"rendered":"<p>[vc_row css=&#8220;.vc_custom_1585656918660{margin-top: 40px !important;margin-bottom: 70px !important;}&#8220;][vc_column][vc_column_text]<\/p>\n<h1>F\u00fam\u00e9e Perfume &amp; Cosmetics GmbH<\/h1>\n<p>Radlpa\u00dfstra\u00dfe 98, A-8511 St. Stefan ob Stainz<br \/>\n\u00d6ffnungszeiten: Montag &#8211; Freitag 9:00 &#8211; 12:00 und 13:00 &#8211; 17:00<br \/>\nKontakt: <a href=\"mailto:office@fumee.at\">office@fumee.at<\/a><br \/>\nWebseite: www.fumee.at<br \/>\nFirmenbuch-Nr: FN 417452 a<br \/>\nUSt.ID.-Nr.: ATU68813929[\/vc_column_text][vc_single_image image=&#8220;2640&#8243; img_size=&#8220;full&#8220; css=&#8220;.vc_custom_1585657044236{margin-top: 32px !important;margin-bottom: 32px !important;}&#8220;][vc_column_text css=&#8220;.vc_custom_1591201016592{margin-top: 32px !important;}&#8220;]<strong>Haftungsausschluss &#8211; Inhalt des Onlineangebotes<\/strong><br \/>\nDer Autor \u00fcbernimmt keinerlei Gew\u00e4hr f\u00fcr die Aktualit\u00e4t, Korrektheit, Vollst\u00e4ndigkeit oder Qualit\u00e4t der bereitgestellten Informationen. Haftungsanspr\u00fcche gegen den Autor, welche sich auf Sch\u00e4den materieller oder ideeller Art beziehen, die durch die Nutzung oder Nichtnutzung der dargebotenen Informationen bzw. durch die Nutzung fehlerhafter und unvollst\u00e4ndiger Informationen verursacht wurden, sind grunds\u00e4tzlich ausgeschlossen, sofern seitens des Autors kein nachweislich vors\u00e4tzliches oder grob fahrl\u00e4ssiges verschulden vorliegt. Alle Angebote sind freibleibend und unverbindlich. Der Autor beh\u00e4lt es sich ausdr\u00fccklich vor, Teile der Seiten oder das gesamte Angebot ohne gesonderte Ank\u00fcndigung zu ver\u00e4ndern, zu erg\u00e4nzen, zu l\u00f6schen oder die Ver\u00f6ffentlichung zeitweise oder endg\u00fcltig einzustellen.<\/p>\n<p><strong>Verweise und Links<\/strong><br \/>\nBei direkten oder indirekten Verweisen auf fremde Webseiten (&#8222;Hyperlinks&#8220;), die au\u00dferhalb des Verantwortungsbereiches des Autors liegen, w\u00fcrde eine Haftungsverpflichtung ausschlie\u00dflich in dem fall in Kraft treten, in dem der Autor von den Inhalten Kenntnis hat und es ihm technisch m\u00f6glich und zumutbar w\u00e4re, die Nutzung im Falle rechtswidriger Inhalte zu verhindern. Der Autor erkl\u00e4rt hiermit ausdr\u00fccklich, dass zum Zeitpunkt der Link Setzung keine illegalen Inhalte auf den zu verlinkenden Seiten erkennbar waren. Auf die aktuelle und zuk\u00fcnftige Gestaltung, die Inhalte oder die Urheberschaft der verlinkten\/verkn\u00fcpften Seiten hat der Autor keinerlei Einfluss. Deshalb distanziert er sich hiermit ausdr\u00fccklich von allen Inhalten aller verlinkten \/verkn\u00fcpften Seiten, die nach der Link Setzung ver\u00e4ndert wurden. Diese Feststellung gilt f\u00fcr alle innerhalb des eigenen Internet Angebotes gesetzten Links und Verweise sowie f\u00fcr fremd Eintr\u00e4ge in vom Autor eingerichteten G\u00e4steb\u00fcchern, Diskussionsforen, Link Verzeichnissen, Mailinglisten und in allen anderen Formen von Datenbanken, auf deren Inhalt externe schreibzugriffe m\u00f6glich sind.<\/p>\n<p>F\u00fcr illegale, fehlerhafte oder unvollst\u00e4ndige Inhalte und insbesondere f\u00fcr Sch\u00e4den, die aus der Nutzung oder nicht Nutzung solcherart dargebotener Informationen entstehen, haftet allein der Anbieter der Seite, auf welche verwiesen wurde, nicht derjenige, der \u00fcber links auf die jeweilige Ver\u00f6ffentlichung lediglich verweist.<\/p>\n<p><strong>Urheber- und Kennzeichenrecht<\/strong><br \/>\nDer Autor ist bestrebt, in allen Publikationen die Urheberrechte der verwendeten Bilder, Grafiken, Ton Dokumente, Video Sequenzen und Texte zu beachten, von ihm selbst erstellte Bilder, Grafiken, Ton Dokumente, Video Sequenzen und Texte zu nutzen oder auf lizenzfreie Grafiken, Ton Dokumente, Video Sequenzen und Texte zur\u00fcckzugreifen. Alle innerhalb des Internet Angebotes genannten und ggf. durch dritte gesch\u00fctzten Marken- und Warenzeichen unterliegen uneingeschr\u00e4nkt den Bestimmungen des jeweils g\u00fcltigen Kennzeichenrechts und den Besitzrechten der jeweiligen eingetragenen Eigent\u00fcmer. Allein aufgrund der blo\u00dfen Nennung ist nicht der Schluss zu ziehen, dass Markenzeichen nicht durch Rechte Dritter gesch\u00fctzt sind! Das Copyright f\u00fcr ver\u00f6ffentlichte, vom Autor selbst erstellte Objekte bleibt allein beim Autor der Seiten. Eine Vervielf\u00e4ltigung oder Verwendung solcher Grafiken, Ton Dokumente, Video Sequenzen und Texte in anderen elektronischen oder gedruckten Publikationen ist ohne ausdr\u00fcckliche Zustimmung des Autors nicht gestattet.<\/p>\n<p><strong>Datenschutz<\/strong><br \/>\nWir freuen uns \u00fcber Ihr Interesse an unserer Website. Der Schutz Ihrer Privatsph\u00e4re ist f\u00fcr uns sehr wichtig. Nachstehend informieren wir Sie ausf\u00fchrlich \u00fcber den Umgang mit Ihren Daten.<\/p>\n<p>Die Nutzung unserer Seite ist ohne eine Angabe von personenbezogenen Daten m\u00f6glich. F\u00fcr die Nutzung einzelner Services unserer Seite k\u00f6nnen sich hierf\u00fcr abweichende Regelungen ergeben, die in diesem Falle nachstehend gesondert erl\u00e4utert werden. Ihre personenbezogenen Daten (z.B. Name, Anschrift, E-Mail, Telefonnummer, u.\u00e4.) werden von uns nur gem\u00e4\u00df den Bestimmungen des europ\u00e4ischen Datenschutzrechtes verarbeitet. Daten sind dann personenbezogen, wenn sie eindeutig einer bestimmten nat\u00fcrlichen Person zugeordnet werden k\u00f6nnen. Die rechtlichen Grundlagen des Datenschutzes finden Sie in der Datenschutz-Grundverordnung und dem Telekommunikationsgesetz. Nachstehende Regelungen informieren Sie insoweit \u00fcber die Art, den Umfang und Zweck der Erhebung, die Nutzung und die Verarbeitung von personenbezogenen Daten durch unser Unternehmen.<\/p>\n<p>Kontakt mit uns<\/p>\n<p>Wenn Sie per Formular auf der Website oder per E-Mail Kontakt mit uns aufnehmen, werden Ihre angegebenen Daten zwecks Bearbeitung der Anfrage und f\u00fcr den Fall von Anschlussfragen sechs Monate bei uns gespeichert. Diese Daten geben wir nicht ohne Ihre Einwilligung weiter.<\/p>\n<p><strong>Ihre Rechte<\/strong><br \/>\nIhnen stehen grunds\u00e4tzlich die Rechte auf Auskunft, Berichtigung, L\u00f6schung, Einschr\u00e4nkung, Daten\u00fcbertragbarkeit, Widerruf und Widerspruch zu. Wenn Sie glauben, dass die Verarbeitung Ihrer Daten gegen das Datenschutzrecht verst\u00f6\u00dft oder Ihre datenschutzrechtlichen Anspr\u00fcche sonst in einer Weise verletzt worden sind, k\u00f6nnen Sie sich bei der Aufsichtsbeh\u00f6rde beschweren. In \u00d6sterreich ist dies die Datenschutzbeh\u00f6rde.<\/p>\n<p><strong>Sie erreichen uns unter folgenden Kontaktdaten:<\/strong><br \/>\nF\u00fam\u00e9e \u2013 Perfume &amp; Cosmetics GmbH<br \/>\nRadlpa\u00dfstra\u00dfe 98, A-8511 Lannach<br \/>\noffice@fumee.at<br \/>\n+43 3136 21100<\/p>\n<p><strong>Rechtswirksamkeit dieses Haftungsausschlusses<\/strong><br \/>\nDieser Haftungsausschluss ist als Teil des Internet Angebotes zu betrachten, von dem aus auf diese Seite verwiesen wurde. Sofern teile oder einzelne Formulierungen dieses Textes der geltenden Rechtslage nicht, nicht mehr oder nicht vollst\u00e4ndig entsprechen sollten, bleiben die \u00fcbrigen Teile des Dokumentes in ihrem Inhalt und ihrer G\u00fcltigkeit davon unber\u00fchrt.<\/p>\n<p><strong>Verwendete Bilder<\/strong><br \/>\nCopyright der auf dieser Seite verwendeten Bilder: \u00a9 rangizzz &#8211; Fotolia.com, \u00a9 Kzenon &#8211; Fotolia.com, \u00a9 Dmytro Titov &#8211; Fotolia.com, \u00a9 Jeanette Dietl &#8211; Fotolia.com, \u00a9 ra2 studio &#8211; Fotolia.com, \u00a9 Beboy &#8211; Fotolia.com, \u00a9 west49 &#8211; Fotolia.com, \u00a9 FotolEdhar &#8211; Fotolia.com, \u00a9 Robert Kneschke &#8211; Fotolia.com, \u00a9 Dan Race &#8211; Fotolia.com, \u00a9 Picture-Factory &#8211; Fotolia.com, \u00a9 Kalim &#8211; Fotolia.com, \u00a9 Floydine &#8211; Fotolia.com, \u00a9 Trueffelpix &#8211; Fotolia.com, \u00a9 Cello Armstrong &#8211; Fotolia.com, \u00a9 juiceteam2013 &#8211; Fotolia.com, \u00a9 daffodilred &#8211; Fotolia.com, \u00a9 ipopba &#8211; Fotolia.com, \u00a9 ipag &#8211; Fotolia.com, \u00a9 grafikplusfoto &#8211; Fotolia.com, \u00a9 soup studio &#8211; Fotolia.com, \u00a9 Romolo Tavani &#8211; Fotolia.com, \u00a9 Voyagerix &#8211; Fotolia.com, \u00a9 puhhha &#8211; Fotolia.com, \u00a9 Picture-Factory &#8211; Fotolia.com, \u00a9 udra11 &#8211; Fotolia.com, \u00a9 gtranquillity &#8211; Fotolia.com, \u00a9 ryanking999 &#8211; Fotolia.com, \u00a9 Alliance &#8211; Fotolia.com, \u00a9 Maygutyak &#8211; Fotolia.com, \u00a9 nickylarson974 &#8211; Fotolia.com, \u00a9 lassedesignen &#8211; Fotolia.com, \u00a9 Vladimir Voronin &#8211; Fotolia.com, \u00a9 EpicStockMedia &#8211; Fotolia.com, \u00a9 Peter Atkins &#8211; Fotolia.com, \u00a9 abcmedia &#8211; Fotolia.com[\/vc_column_text][\/vc_column][\/vc_row][vc_row full_width=&#8220;stretch_row_content_no_spaces&#8220; css=&#8220;.vc_custom_1581347061875{margin-top: 0px !important;margin-bottom: 0px !important;background-color: #85754e !important;}&#8220;][vc_column][vc_row_inner css=&#8220;.vc_custom_1581342532788{margin-right: 8% !important;margin-left: 12% !important;padding-top: 20px !important;padding-bottom: 30px !important;}&#8220;][vc_column_inner width=&#8220;1\/4&#8243; css=&#8220;.vc_custom_1581344143197{padding-right: 42px !important;padding-bottom: 32px !important;}&#8220;][vc_column_text el_class=&#8220;weiss&#8220;]<\/p>\n<h5 style=\"text-align: left; color: #fff;\">Unsere Vertriebswege<\/h5>\n<p>[\/vc_column_text][vc_empty_space height=&#8220;20px&#8220;][vc_single_image image=&#8220;1580&#8243; img_size=&#8220;full&#8220;][vc_empty_space height=&#8220;20px&#8220;][vc_column_text el_class=&#8220;weiss&#8220;]Wir liefern bereits europaweit in s\u00e4mtliche L\u00e4nder der Europ\u00e4ischen Union und in die Schweiz. Sie haben Interesse am Aufbau eines eigenen Kundennetzes in Ihrem Land? Nehmen Sie mit uns Kontakt auf![\/vc_column_text][\/vc_column_inner][vc_column_inner width=&#8220;1\/4&#8243; css=&#8220;.vc_custom_1581344147375{padding-right: 42px !important;padding-bottom: 32px !important;}&#8220;][vc_column_text]<\/p>\n<h5 style=\"text-align: left; color: #fff;\">Wussten Sie bereits?<\/h5>\n<p>[\/vc_column_text][vc_empty_space height=&#8220;20px&#8220;]<div class=\"vckit-dropcap-wrapper\">\n  <span\n    class=\"vckit-dropcap dcap-squared dcap-lg border-md border-solid \"\n    id=\"vckitDropcap-1xcdy53ytj6j\"\n      >\n    D  <\/span>\n  <p>as wir gr\u00f6\u00dften Wert auf sichere und erstklassige Rohstoffe setzen. So arbeiten wir mit erfahrenen Rohstofflieferanten zusammen. Dabei ist unsere Messlatte sehr hoch angesetzt, denn unsere Lieferanten werden genauestens \u201eunter die Lupe genommen\u201c. Wir achten streng auf die Verwendung hochwertiger Rohstoffe und pr\u00fcfen zum Beispiel bereits vor der Freigabe der Rezeptur die Zusammensetzung jedes einzelnen F\u00fam\u00e9e-Produkts.<\/p>\n<\/div>\n<style>\n#vckitDropcap-1xcdy53ytj6j { color: #ffffff; }#vckitDropcap-1xcdy53ytj6j { -webkit-border-image: -webkit-linear-gradient(top, #777777 0%, #ffffff 100%);-moz-border-image: -moz-linear-gradient(top, #777777 0%, #ffffff 100%);border-image: linear-gradient(to bottom, #777777 0%, #ffffff 100%);border-image-slice: 1; }<\/style>\n[\/vc_column_inner][vc_column_inner width=&#8220;1\/4&#8243; css=&#8220;.vc_custom_1581344151965{padding-right: 42px !important;padding-bottom: 32px !important;}&#8220;][vc_column_text el_class=&#8220;weiss&#8220;]<\/p>\n<h5 style=\"text-align: left; color: #fff;\">Hier finden Sie uns<\/h5>\n<p><strong><a style=\"color: #fff;\" rel=\"alternate\">F\u00fam\u00e9e &#8211; Perfume &amp; Cosmetics GmbH<\/a><\/strong><\/p>\n<p>Radlpa\u00dfstra\u00dfe 98<br \/>\n8511 St. Stefan ob Stainz<br \/>\nTelefon: <a href=\"tel:+43313621100\">+43 (0) 3136 21 100<\/a><br \/>\nEmail: <a href=\"mailto:office@fumee.at\">office@fumee.at<\/a>[\/vc_column_text][\/vc_column_inner][vc_column_inner width=&#8220;1\/4&#8243; css=&#8220;.vc_custom_1581344156396{padding-bottom: 32px !important;}&#8220;][vc_column_text el_class=&#8220;weiss&#8220;]<\/p>\n<h5 style=\"text-align: left; color: #fff;\">Information<\/h5>\n<p><a href=\"http:\/\/www.fumee-perfume.at\/index.php\/impressum\">Impressum<\/a><br \/>\nGesch\u00e4ftsbedingungen<br \/>\nDatenschutzerkl\u00e4rung[\/vc_column_text][\/vc_column_inner][\/vc_row_inner][\/vc_column][\/vc_row]<\/p>\n","protected":false},"excerpt":{"rendered":"<p>[vc_row css=&#8220;.vc_custom_1585656918660{margin-top: 40px !important;margin-bottom: 70px !important;}&#8220;][vc_column][vc_column_text] F\u00fam\u00e9e Perfume &amp; Cosmetics GmbH Radlpa\u00dfstra\u00dfe 98, A-8511 St. Stefan ob Stainz \u00d6ffnungszeiten: Montag &#8211; Freitag 9:00 &#8211; 12:00 und 13:00 &#8211; 17:00 Kontakt: office@fumee.at Webseite: www.fumee.at Firmenbuch-Nr: FN 417452 a USt.ID.-Nr.: ATU68813929[\/vc_column_text][vc_single_image image=&#8220;2640&#8243; img_size=&#8220;full&#8220; css=&#8220;.vc_custom_1585657044236{margin-top: 32px !important;margin-bottom: 32px !important;}&#8220;][vc_column_text css=&#8220;.vc_custom_1591201016592{margin-top: 32px !important;}&#8220;]Haftungsausschluss &#8211; Inhalt des Onlineangebotes Der Autor [&hellip;]<\/p>\n","protected":false},"author":1,"featured_media":0,"parent":0,"menu_order":0,"comment_status":"closed","ping_status":"closed","template":"","meta":{"ngg_post_thumbnail":0},"_links":{"self":[{"href":"https:\/\/www.fumee-perfume.at\/index.php\/wp-json\/wp\/v2\/pages\/2636"}],"collection":[{"href":"https:\/\/www.fumee-perfume.at\/index.php\/wp-json\/wp\/v2\/pages"}],"about":[{"href":"https:\/\/www.fumee-perfume.at\/index.php\/wp-json\/wp\/v2\/types\/page"}],"author":[{"embeddable":true,"href":"https:\/\/www.fumee-perfume.at\/index.php\/wp-json\/wp\/v2\/users\/1"}],"replies":[{"embeddable":true,"href":"https:\/\/www.fumee-perfume.at\/index.php\/wp-json\/wp\/v2\/comments?post=2636"}],"version-history":[{"count":9,"href":"https:\/\/www.fumee-perfume.at\/index.php\/wp-json\/wp\/v2\/pages\/2636\/revisions"}],"predecessor-version":[{"id":2937,"href":"https:\/\/www.fumee-perfume.at\/index.php\/wp-json\/wp\/v2\/pages\/2636\/revisions\/2937"}],"wp:attachment":[{"href":"https:\/\/www.fumee-perfume.at\/index.php\/wp-json\/wp\/v2\/media?parent=2636"}],"curies":[{"name":"wp","href":"https:\/\/api.w.org\/{rel}","templated":true}]}}